{"id":9330,"date":"2014-11-14T14:41:39","date_gmt":"2014-11-14T13:41:39","guid":{"rendered":"http:\/\/www.os-sticna.si\/?page_id=9330"},"modified":"2026-02-03T13:45:53","modified_gmt":"2026-02-03T12:45:53","slug":"vrste-srednji-sol","status":"publish","type":"page","link":"https:\/\/www.os-sticna.si\/?page_id=9330","title":{"rendered":"To\u010dke za vpis"},"content":{"rendered":"<div class=\"page-restrict-output\"><div class=\"content typo\">\n<p>Kandidati se v izbirnem postopku <strong>v primeru omejitve vpisa<\/strong> razvrstijo na podlagi to\u010dk, ki jih zberejo v skladu <strong>z merili<\/strong>, ki jih dolo\u010da <a title=\"Odredba o merilih za izbiro kandidatov v primeru omejitve vpisa v programe srednjega poklicnega izobra\u017eevanja, srednjega strokovnega izobra\u017eevanja in gimnazi\" href=\"https:\/\/pisrs.si\/pregledPredpisa?id=SKLE13777\">Odredba o merilih za izbiro kandidatov v primeru omejitve vpisa v programe srednjega poklicnega izobra\u017eevanja, srednjega strokovnega izobra\u017eevanja in gimnazij<\/a>.<\/p>\n<p>Kandidati se razvr\u0161\u010dajo na podlagi vsote odstotkov, pridobljenih iz:<\/p>\n<ul>\n<li>se\u0161tevka zaklju\u010dnih ocen vseh obveznih predmetov iz 7., 8. in 9. razreda osnovne \u0161ole, kar predstavlja najve\u010d 60 odstotkov celotne vsote, in<\/li>\n<li>dose\u017ekov na nacionalnem preverjanju znanja iz u\u010dnega jezika (sloven\u0161\u010dine oziroma italijan\u0161\u010dine ali mad\u017ear\u0161\u010dine na narodno me\u0161anih obmo\u010djih) in matematike, izra\u017eenimi v odstotnih to\u010dkah, pri \u010demer predstavlja vsak najve\u010d po 20 odstotkov celotne vsote.<\/li>\n<\/ul>\n<p>Vsota odstotkov se izra\u010duna po naslednji formuli:<\/p>\n<p><strong>Sk\/S * 60 % + U\/100 * 20 % + M\/100 * 20 %<\/strong><\/p>\n<p>pri \u010demer je:<\/p>\n<ul>\n<li>Sk &#8211; se\u0161tevek kandidatovih zaklju\u010dnih ocen obveznih predmetov v 7., 8. in 9. razredu osnovne \u0161ole,<\/li>\n<li>S &#8211; maksimalni mo\u017eni se\u0161tevek zaklju\u010dnih ocen obveznih predmetov v 7., 8. in 9. razredu osnovne \u0161ole (mo\u017enih je najve\u010d 175 to\u010dk),<\/li>\n<li>U &#8211; dose\u017eek kandidata na nacionalnem preverjanju znanja iz u\u010dnega jezika v odstotnih to\u010dkah,<\/li>\n<li>M &#8211; dose\u017eek kandidata na nacionalnem preverjanju znanja iz matematike v odstotnih to\u010dkah.<\/li>\n<\/ul>\n<p>&nbsp;<\/p>\n<p>Kandidati, ki kandidirajo za vpis v programe, za katere je treba opraviti preizkus nadarjenosti oziroma spretnosti, po uspe\u0161no opravljenem preizkusu prejmejo <strong>dodatne to\u010dke<\/strong>, in sicer se jim:<\/p>\n<ul>\n<li>za dose\u017eek nad 90 odstotkov vseh mo\u017enih to\u010dk na preizkusu nadarjenosti oziroma spretnosti, ki ga opravljajo na \u0161oli, pri\u0161teje dodatnih 10 to\u010dk,<\/li>\n<li>za dose\u017eek od 80 do 90 odstotkov vseh mo\u017enih to\u010dk na preizkusu nadarjenosti oziroma spretnosti pa dodatnih 5 to\u010dk.<\/li>\n<\/ul>\n<p>Dodatne to\u010dke dobijo tudi kandidati, ki kandidirajo za vpis v programa gimnazija &#8211; \u0161portni oddelek ali ekonomska gimnazija &#8211; \u0161portni oddelek, in sicer:<\/p>\n<ul>\n<li>za status \u0161portnika A dodatnih 10 to\u010dk,<\/li>\n<li>za status \u0161portnika B dodatnih 5 to\u010dk,<\/li>\n<li>za status \u0161portnika C ni dodatnih to\u010dk.<\/li>\n<\/ul>\n<p>&nbsp;<\/p>\n<\/div>\n<p><a href=\"https:\/\/paka3.mss.edus.si\/vp\/ui\/#\/srednja-sola\/izracun-tock\">Povezava do tabele za ra\u010dunanje to\u010dk<\/a><\/p>\n<\/div>","protected":false},"excerpt":{"rendered":"<div class=\"page-restrict-output\"><p>Kandidati se v izbirnem postopku v primeru omejitve vpisa razvrstijo na podlagi to\u010dk, ki jih zberejo v skladu z merili, ki jih dolo\u010da Odredba o merilih za izbiro kandidatov v primeru omejitve vpisa v programe srednjega poklicnega izobra\u017eevanja, srednjega strokovnega izobra\u017eevanja in gimnazij. Kandidati se razvr\u0161\u010dajo na podlagi vsote odstotkov, pridobljenih iz: se\u0161tevka zaklju\u010dnih ocen vseh obveznih predmetov iz 7., [&#8230;]<\/p>\n<\/div>","protected":false},"author":1,"featured_media":0,"parent":9326,"menu_order":0,"comment_status":"open","ping_status":"open","template":"","meta":{"ngg_post_thumbnail":0,"_themeisle_gutenberg_block_has_review":false,"footnotes":""},"class_list":["post-9330","page","type-page","status-publish","hentry"],"featured_image_src":null,"featured_image_src_square":null,"_links":{"self":[{"href":"https:\/\/www.os-sticna.si\/index.php?rest_route=\/wp\/v2\/pages\/9330","targetHints":{"allow":["GET"]}}],"collection":[{"href":"https:\/\/www.os-sticna.si\/index.php?rest_route=\/wp\/v2\/pages"}],"about":[{"href":"https:\/\/www.os-sticna.si\/index.php?rest_route=\/wp\/v2\/types\/page"}],"author":[{"embeddable":true,"href":"https:\/\/www.os-sticna.si\/index.php?rest_route=\/wp\/v2\/users\/1"}],"replies":[{"embeddable":true,"href":"https:\/\/www.os-sticna.si\/index.php?rest_route=%2Fwp%2Fv2%2Fcomments&post=9330"}],"version-history":[{"count":5,"href":"https:\/\/www.os-sticna.si\/index.php?rest_route=\/wp\/v2\/pages\/9330\/revisions"}],"predecessor-version":[{"id":33780,"href":"https:\/\/www.os-sticna.si\/index.php?rest_route=\/wp\/v2\/pages\/9330\/revisions\/33780"}],"up":[{"embeddable":true,"href":"https:\/\/www.os-sticna.si\/index.php?rest_route=\/wp\/v2\/pages\/9326"}],"wp:attachment":[{"href":"https:\/\/www.os-sticna.si\/index.php?rest_route=%2Fwp%2Fv2%2Fmedia&parent=9330"}],"curies":[{"name":"wp","href":"https:\/\/api.w.org\/{rel}","templated":true}]}}