{"id":9328,"date":"2014-11-14T14:41:12","date_gmt":"2014-11-14T13:41:12","guid":{"rendered":"http:\/\/www.os-sticna.si\/?page_id=9328"},"modified":"2025-12-01T12:13:27","modified_gmt":"2025-12-01T11:13:27","slug":"spletne-povezave","status":"publish","type":"page","link":"https:\/\/www.os-sticna.si\/?page_id=9328","title":{"rendered":"Spletne povezave"},"content":{"rendered":"<div class=\"page-restrict-output\"><table border=\"0\" width=\"100%\">\n<tbody>\n<tr>\n<td width=\"160\"><img decoding=\"async\" src=\"https:\/\/7571.mediapro.si\/users\/7571\/images\/SrednjeSole_logo_transparent.png\" \/><\/td>\n<td width=\"320\">&nbsp;<\/p>\n<p><strong>\u00a0<a href=\"https:\/\/7571.mediapro.si\/public\/get\/app-7571\/user-40114\/group-120\/product-3183\/image-0\/\" target=\"_blank\" rel=\"noopener noreferrer\">Srednje\u0160ole.si<\/a><\/strong><\/p>\n<p style=\"text-align: center;\">\n<\/td>\n<\/tr>\n<tr>\n<td width=\"160\">ngg_shortcode_0_placeholder<\/td>\n<td width=\"320\">\u00a0<a href=\"http:\/\/www.mojaizbira.si\">Poklicni ka\u017eipot<\/a> (opisi, filmi)<\/td>\n<\/tr>\n<tr>\n<td width=\"160\"><img decoding=\"async\" class=\"\" src=\"https:\/\/cpi.si\/wp-content\/themes\/cpi\/img\/logo-cpi-sl@2x.png?v=1.1.202\" alt=\"Logotip Center RS za poklicno izobra\u017eevanje\" width=\"209\" height=\"97\" \/><\/td>\n<td width=\"320\"><a href=\"http:\/\/www.cpi.si\/\">Center Republike Slovenije za poklicno izobra\u017eevanje<\/a><\/td>\n<\/tr>\n<tr>\n<td width=\"160\"><img decoding=\"async\" class=\"\" src=\"https:\/\/dijaski.net\/assets\/images\/dijaski-net-logo.svg\" alt=\"Dija\u0161ki.net\" width=\"208\" height=\"108\" \/><\/td>\n<td width=\"320\"><a href=\"http:\/\/www.dijaski.net\">\u00a0Dijaski.net<\/a>, kontaktni podatki o vseh srednjih \u0161olah v Sloveniji in izobra\u017eevalnih programih<\/td>\n<\/tr>\n<tr>\n<td width=\"160\">\u00a0ngg_shortcode_1_placeholder<\/td>\n<td width=\"320\"><a href=\"http:\/\/www.ess.gov.si\">Zavod Republike Slovenije za zaposlovanje<\/a><\/td>\n<\/tr>\n<tr>\n<td width=\"160\">\u00a0ngg_shortcode_2_placeholder<\/td>\n<td width=\"320\">\u00a0<a href=\"https:\/\/esvetovanje.ess.gov.si\/\">E-svetovanje pri na\u010drtovanju kariere in iskanju zaposlitve<\/a> (razi\u0161\u010di svoje interese, lastnosti, zaposlitvene cilje)<\/td>\n<\/tr>\n<tr>\n<td width=\"160\"><img decoding=\"async\" class=\"\" src=\"https:\/\/srednjesole.aktualno.si\/wp-content\/uploads\/2023\/02\/1675436668594.jpeg\" alt=\"Ministrstvo za vzgojo in izobra\u017eevanje - Srednje\u0160ole.si\" width=\"187\" height=\"87\" \/><\/td>\n<td width=\"320\"><a href=\"https:\/\/www.gov.si\/teme\/vpis-v-srednjo-solo\/\">Ministrstvo za vzgojo in izobra\u017eevanje (vpis v srednje \u0161ole)<\/a><\/td>\n<\/tr>\n<tr>\n<td width=\"160\">\u00a0ngg_shortcode_3_placeholder<\/td>\n<td width=\"320\">\u00a0<a href=\"http:\/\/www.sklad-kadri.si\">\u0160tipendiranje<\/a><\/td>\n<\/tr>\n<tr>\n<td width=\"160\"><\/td>\n<td width=\"320\"><\/td>\n<\/tr>\n<tr>\n<td width=\"160\"><img loading=\"lazy\" decoding=\"async\" class=\"\" src=\"https:\/\/domzalezamlade.si\/wp-content\/uploads\/to-sem-jaz.png\" alt=\"Nova uporabna gradiva za mlade (in manj mlade) v stiski - Dom\u017eale za mlade\" width=\"214\" height=\"159\" \/><\/td>\n<td width=\"320\"><a href=\"https:\/\/live.editiondigital.com\/e\/221cpgqsc\/prirocnik-kaj-lahko-naredim-da-mi-bo-lazje#!page1\">Priro\u010dnik Kaj lahko naredim, da mi bo la\u017eje?<\/a><\/td>\n<\/tr>\n<\/tbody>\n<\/table>\n<\/div>","protected":false},"excerpt":{"rendered":"<div class=\"page-restrict-output\"><p>&nbsp; \u00a0Srednje\u0160ole.si \u00a0Poklicni ka\u017eipot (opisi, filmi) Center Republike Slovenije za poklicno izobra\u017eevanje \u00a0Dijaski.net, kontaktni podatki o vseh srednjih \u0161olah v Sloveniji in izobra\u017eevalnih programih \u00a0 Zavod Republike Slovenije za zaposlovanje \u00a0 \u00a0E-svetovanje pri na\u010drtovanju kariere in iskanju zaposlitve (razi\u0161\u010di svoje interese, lastnosti, zaposlitvene cilje) Ministrstvo za vzgojo in izobra\u017eevanje (vpis v srednje \u0161ole) \u00a0 \u00a0\u0160tipendiranje Priro\u010dnik Kaj lahko naredim, da [&#8230;]<\/p>\n<\/div>","protected":false},"author":1,"featured_media":0,"parent":9326,"menu_order":0,"comment_status":"open","ping_status":"open","template":"","meta":{"ngg_post_thumbnail":0,"_themeisle_gutenberg_block_has_review":false,"footnotes":""},"class_list":["post-9328","page","type-page","status-publish","hentry"],"featured_image_src":null,"featured_image_src_square":null,"_links":{"self":[{"href":"https:\/\/www.os-sticna.si\/index.php?rest_route=\/wp\/v2\/pages\/9328","targetHints":{"allow":["GET"]}}],"collection":[{"href":"https:\/\/www.os-sticna.si\/index.php?rest_route=\/wp\/v2\/pages"}],"about":[{"href":"https:\/\/www.os-sticna.si\/index.php?rest_route=\/wp\/v2\/types\/page"}],"author":[{"embeddable":true,"href":"https:\/\/www.os-sticna.si\/index.php?rest_route=\/wp\/v2\/users\/1"}],"replies":[{"embeddable":true,"href":"https:\/\/www.os-sticna.si\/index.php?rest_route=%2Fwp%2Fv2%2Fcomments&post=9328"}],"version-history":[{"count":5,"href":"https:\/\/www.os-sticna.si\/index.php?rest_route=\/wp\/v2\/pages\/9328\/revisions"}],"predecessor-version":[{"id":33426,"href":"https:\/\/www.os-sticna.si\/index.php?rest_route=\/wp\/v2\/pages\/9328\/revisions\/33426"}],"up":[{"embeddable":true,"href":"https:\/\/www.os-sticna.si\/index.php?rest_route=\/wp\/v2\/pages\/9326"}],"wp:attachment":[{"href":"https:\/\/www.os-sticna.si\/index.php?rest_route=%2Fwp%2Fv2%2Fmedia&parent=9328"}],"curies":[{"name":"wp","href":"https:\/\/api.w.org\/{rel}","templated":true}]}}