{"id":9326,"date":"2014-11-14T14:38:12","date_gmt":"2014-11-14T13:38:12","guid":{"rendered":"http:\/\/www.os-sticna.si\/?page_id=9326"},"modified":"2016-10-11T11:13:40","modified_gmt":"2016-10-11T10:13:40","slug":"karierna-orientacija","status":"publish","type":"page","link":"https:\/\/www.os-sticna.si\/?page_id=9326","title":{"rendered":"Karierna orientacija"},"content":{"rendered":"<div class=\"page-restrict-output\"><p><img fetchpriority=\"high\" decoding=\"async\" class=\"alignleft\" src=\"http:\/\/beta1.finance.si\/\/pics\/cache_po\/poklici.1413281162.jpg.o.600px.jpg\" alt=\"\" width=\"300\" height=\"175\" \/>Odlo\u010ditev o ustrezni izbiri poklica oz. karierne poti je izredno zahtevna odlo\u010ditev, zato je prav, da smo mladostnikom v oporo in pomo\u010d pri izbiri ustrezne srednje\u0161olske smeri. V osnovni \u0161oli koordinira karierno orientacijo \u0161olska svetovalna \u0161ola, pri njej pa sodelujejo vsi strokovni delavci, star\u0161i in u\u010denci sami.<\/p>\n<p>Cilj aktivnosti je u\u010dencem pomagati pri odgovorni odlo\u010ditvi o njihovi karierni poti.<br \/>\nProces se zaklju\u010di z individualnim svetovanjem u\u010dencem.<br \/>\nNaloge vseh, ki so kakorkoli vklju\u010deni v model karierne orientacije se prepletajo.<br \/>\nPodro\u010dja aktivnosti pri karierni orientaciji so:<\/p>\n<ul>\n<li>ure kariernega svetovanja z u\u010denci;<\/li>\n<li>skupinsko in individualno delo z u\u010denci 8. in 9. razreda (tudi oddelka z ni\u017ejim izobrazbenim standardom) ter posamezniki, ki zaklju\u010dujejo \u0161olanje v ni\u017ejih razredih O\u0160;<\/li>\n<li>izvajanje raz\u0161irjenega programa karierne orientacije v 9-letni O\u0160 (organizacija in izvedba tehni\u0161kih in naravoslovnih dni z vklju\u010devanjem vsebin s podro\u010dja karierne orientacije);<\/li>\n<li>izvajanje aktivnosti z Zavodom za zaposlovanje, srednjimi \u0161olami, Kariernim sredi\u0161\u010dem (prej CIP-som) in drugimi organizacijami;<\/li>\n<li>individualno svetovanje, pogovori s star\u0161i in u\u010denci pred vpisom v srednjo \u0161olo;<\/li>\n<li>izvedba vpisa v srednje \u0161ole, svetovanje v obdobju preusmerjanja in omejitev vpisa;<\/li>\n<li>vna\u0161anje podatkov o u\u010dnem uspehu u\u010dencev 9. razreda v program LOPOLIS IN VPIS (januar in junij);<\/li>\n<li>roditeljski sestanek za star\u0161e 8. in 9. razreda;<\/li>\n<li>svetovanje pri mo\u017enosti pridobivanja \u0161tipendij.<\/li>\n<\/ul>\n<\/div>","protected":false},"excerpt":{"rendered":"<div class=\"page-restrict-output\"><p>Odlo\u010ditev o ustrezni izbiri poklica oz. karierne poti je izredno zahtevna odlo\u010ditev, zato je prav, da smo mladostnikom v oporo in pomo\u010d pri izbiri ustrezne srednje\u0161olske smeri. V osnovni \u0161oli koordinira karierno orientacijo \u0161olska svetovalna \u0161ola, pri njej pa sodelujejo vsi strokovni delavci, star\u0161i in u\u010denci sami. Cilj aktivnosti je u\u010dencem pomagati pri odgovorni odlo\u010ditvi o njihovi karierni poti. Proces [&#8230;]<\/p>\n<\/div>","protected":false},"author":1,"featured_media":0,"parent":9319,"menu_order":0,"comment_status":"open","ping_status":"open","template":"","meta":{"ngg_post_thumbnail":0,"_themeisle_gutenberg_block_has_review":false,"footnotes":""},"class_list":["post-9326","page","type-page","status-publish","hentry"],"featured_image_src":null,"featured_image_src_square":null,"_links":{"self":[{"href":"https:\/\/www.os-sticna.si\/index.php?rest_route=\/wp\/v2\/pages\/9326","targetHints":{"allow":["GET"]}}],"collection":[{"href":"https:\/\/www.os-sticna.si\/index.php?rest_route=\/wp\/v2\/pages"}],"about":[{"href":"https:\/\/www.os-sticna.si\/index.php?rest_route=\/wp\/v2\/types\/page"}],"author":[{"embeddable":true,"href":"https:\/\/www.os-sticna.si\/index.php?rest_route=\/wp\/v2\/users\/1"}],"replies":[{"embeddable":true,"href":"https:\/\/www.os-sticna.si\/index.php?rest_route=%2Fwp%2Fv2%2Fcomments&post=9326"}],"version-history":[{"count":5,"href":"https:\/\/www.os-sticna.si\/index.php?rest_route=\/wp\/v2\/pages\/9326\/revisions"}],"predecessor-version":[{"id":15211,"href":"https:\/\/www.os-sticna.si\/index.php?rest_route=\/wp\/v2\/pages\/9326\/revisions\/15211"}],"up":[{"embeddable":true,"href":"https:\/\/www.os-sticna.si\/index.php?rest_route=\/wp\/v2\/pages\/9319"}],"wp:attachment":[{"href":"https:\/\/www.os-sticna.si\/index.php?rest_route=%2Fwp%2Fv2%2Fmedia&parent=9326"}],"curies":[{"name":"wp","href":"https:\/\/api.w.org\/{rel}","templated":true}]}}