{"id":6143,"date":"2013-08-30T12:30:53","date_gmt":"2013-08-30T11:30:53","guid":{"rendered":"http:\/\/www.os-sticna.si\/?page_id=6143"},"modified":"2025-12-02T09:58:39","modified_gmt":"2025-12-02T08:58:39","slug":"jedilnik","status":"publish","type":"page","link":"https:\/\/www.os-sticna.si\/?page_id=6143","title":{"rendered":"Jedilnik"},"content":{"rendered":"<div class=\"page-restrict-output\"><div class=\"su-note\"  style=\"border-color:#e5dd54;border-radius:2px;-moz-border-radius:2px;-webkit-border-radius:2px;\"><div class=\"su-note-inner su-u-clearfix su-u-trim\" style=\"background-color:#fff76e;border-color:#ffffff;color:#0e0e0e;border-radius:2px;-moz-border-radius:2px;-webkit-border-radius:2px;\">\n<h4>Cene obrokov<\/h4>\n<p>Od 1. 4. 2024 so cene naslednje:<\/p>\n<ul>\n<li>zajtrk: 0,60\u20ac<\/li>\n<li>malica: 1,10\u20ac<\/li>\n<li>kosilo (1.-5.): 2,55\u20ac<\/li>\n<li>kosilo (6.-9.): 2,9\u20ac<\/li>\n<li>popoldanska malica: 0,60\u20ac<\/li>\n<\/ul>\n<\/div><\/div>\n\n\n\n<p class=\"has-background\" style=\"background-color:#fff76e\">\u00a0V primeru, da se vam aktualni jedilnik ne prika\u017ee, na tipkovni pritisnite hkrati tipki <strong>CTRL <\/strong>in <strong>F5<\/strong>. Na mobilni napravi podrsate od vrha strani navzdol, da se stran ponovno nalo\u017ei.<\/p>\n\n\n\n<p><a href=\"https:\/\/www.os-sticna.si\/pdf\/jedilnik.pdf\" data-type=\"URL\" data-id=\"https:\/\/www.os-sticna.si\/pdf\/jedilnik.pdf\" target=\"_blank\" rel=\"noreferrer noopener\">Jedilnik<\/a><\/p>\n\n\n<iframe class=\"embed-pdf-viewer\" src=\"https:\/\/www.os-sticna.si\/pdf\/jedilnik.pdf\" height=\"882\" width=\"882\" title=\"\"><\/iframe>\n\n\n<p>Vodjem \u0161olske prehrane lahko pi\u0161ete na:<\/p>\n\n\n\n<ul class=\"wp-block-list\">\n<li>prehrana-ms@os-sticna.si, v zvezi s prehrano na mati\u010dni \u0161oli in podru\u017eni\u010dnih \u0161olah Sti\u010dna in Muljava.<\/li>\n\n\n\n<li>prehrana-vg@os-sticna.si, v zvezi s prehrano na podru\u017eni\u010dni \u0161oli Vi\u0161nja Gora.<\/li>\n<\/ul>\n\n\n\n<p><\/p>\n<\/div>","protected":false},"excerpt":{"rendered":"<div class=\"page-restrict-output\"><p>\u00a0V primeru, da se vam aktualni jedilnik ne prika\u017ee, na tipkovni pritisnite hkrati tipki CTRL in F5. Na mobilni napravi podrsate od vrha strani navzdol, da se stran ponovno nalo\u017ei. Jedilnik Vodjem \u0161olske prehrane lahko pi\u0161ete na:<\/p>\n<\/div>","protected":false},"author":1,"featured_media":0,"parent":1699,"menu_order":0,"comment_status":"closed","ping_status":"open","template":"","meta":{"ngg_post_thumbnail":0,"_themeisle_gutenberg_block_has_review":false,"footnotes":""},"class_list":["post-6143","page","type-page","status-publish","hentry"],"featured_image_src":null,"featured_image_src_square":null,"_links":{"self":[{"href":"https:\/\/www.os-sticna.si\/index.php?rest_route=\/wp\/v2\/pages\/6143","targetHints":{"allow":["GET"]}}],"collection":[{"href":"https:\/\/www.os-sticna.si\/index.php?rest_route=\/wp\/v2\/pages"}],"about":[{"href":"https:\/\/www.os-sticna.si\/index.php?rest_route=\/wp\/v2\/types\/page"}],"author":[{"embeddable":true,"href":"https:\/\/www.os-sticna.si\/index.php?rest_route=\/wp\/v2\/users\/1"}],"replies":[{"embeddable":true,"href":"https:\/\/www.os-sticna.si\/index.php?rest_route=%2Fwp%2Fv2%2Fcomments&post=6143"}],"version-history":[{"count":5,"href":"https:\/\/www.os-sticna.si\/index.php?rest_route=\/wp\/v2\/pages\/6143\/revisions"}],"predecessor-version":[{"id":33433,"href":"https:\/\/www.os-sticna.si\/index.php?rest_route=\/wp\/v2\/pages\/6143\/revisions\/33433"}],"up":[{"embeddable":true,"href":"https:\/\/www.os-sticna.si\/index.php?rest_route=\/wp\/v2\/pages\/1699"}],"wp:attachment":[{"href":"https:\/\/www.os-sticna.si\/index.php?rest_route=%2Fwp%2Fv2%2Fmedia&parent=6143"}],"curies":[{"name":"wp","href":"https:\/\/api.w.org\/{rel}","templated":true}]}}