{"id":5778,"date":"2013-04-02T08:33:06","date_gmt":"2013-04-02T07:33:06","guid":{"rendered":"http:\/\/193.2.241.104\/?page_id=5778"},"modified":"2026-02-09T07:54:16","modified_gmt":"2026-02-09T06:54:16","slug":"svet-starsev-2","status":"publish","type":"page","link":"https:\/\/www.os-sticna.si\/?page_id=5778","title":{"rendered":"Svet star\u0161ev"},"content":{"rendered":"<div class=\"page-restrict-output\"><h5>Poslovnik o delu sveta star\u0161ev<\/h5>\n<p><a href=\"http:\/\/www2.arnes.si\/~osticnalj\/SVST\/poslovnik-svst.pdf\">Poslovnik<\/a><\/p>\n<p><strong>\u0160olsko leto 2025\/2026<\/strong><\/p>\n<table border=\"0\" width=\"90%\" cellspacing=\"0\" cellpadding=\"0\">\n<tbody>\n<tr>\n<td>&nbsp;<\/td>\n<td>&nbsp;<\/td>\n<td>&nbsp;<\/td>\n<\/tr>\n<tr>\n<td>&nbsp;<\/td>\n<td>&nbsp;<\/td>\n<td>&nbsp;<\/td>\n<\/tr>\n<tr>\n<td><a href=\"http:\/\/www2.arnes.si\/~osticnalj\/SVST\/zapisnik_sveta_starsev_sep_2025.pdf\"><img decoding=\"async\" class=\"alignnone\" src=\"https:\/\/www.os-sticna.si\/wp-content\/uploads\/2019\/11\/PDF-icon3.png\" alt=\"reader_icon.jpg\" width=\"20\" height=\"20\"><\/a><\/td>\n<td>&nbsp;<\/td>\n<td><span style=\"font-size: 15.2015px;\">Zapisnik sveta star\u0161ev, september 2025, delovna verzija<\/span><\/td>\n<\/tr>\n<\/tbody>\n<\/table>\n<p><strong>\u0160olsko leto 2024\/2025<\/strong><\/p>\n<table border=\"0\" width=\"90%\" cellspacing=\"0\" cellpadding=\"0\">\n<tbody>\n<tr>\n<td><a href=\"http:\/\/www2.arnes.si\/~osticnalj\/SVST\/zapisnik_sveta_starsev_maj_2025.pdf\"><img decoding=\"async\" class=\"alignnone\" src=\"https:\/\/www.os-sticna.si\/wp-content\/uploads\/2019\/11\/PDF-icon3.png\" alt=\"reader_icon.jpg\" width=\"20\" height=\"20\"><\/a><\/td>\n<td>&nbsp;<\/td>\n<td><span style=\"font-size: 15.2015px;\">Zapisnik sveta star\u0161ev, maj 2025 (delovna verzija)<\/span><\/td>\n<\/tr>\n<tr>\n<td><a href=\"http:\/\/www2.arnes.si\/~osticnalj\/SVST\/zapisnik_sveta_starsev_feb_2025.pdf\"><img decoding=\"async\" class=\"alignnone\" src=\"https:\/\/www.os-sticna.si\/wp-content\/uploads\/2019\/11\/PDF-icon3.png\" alt=\"reader_icon.jpg\" width=\"20\" height=\"20\"><\/a><\/td>\n<td>&nbsp;<\/td>\n<td><span style=\"font-size: 15.2015px;\">Zapisnik sveta star\u0161ev, februar 2025<\/span><\/td>\n<\/tr>\n<tr>\n<td><a href=\"http:\/\/www2.arnes.si\/~osticnalj\/SVST\/zapisnik_sveta_starsev_sep_2024.pdf\"><img decoding=\"async\" class=\"alignnone\" src=\"https:\/\/www.os-sticna.si\/wp-content\/uploads\/2019\/11\/PDF-icon3.png\" alt=\"reader_icon.jpg\" width=\"20\" height=\"20\"><\/a><\/td>\n<td>&nbsp;<\/td>\n<td><span style=\"font-size: 15.2015px;\">Zapisnik sveta star\u0161ev, september 2024<\/span><\/td>\n<\/tr>\n<\/tbody>\n<\/table>\n<p><strong>\u0160olsko leto 2023\/2024<\/strong><\/p>\n<table border=\"0\" width=\"90%\" cellspacing=\"0\" cellpadding=\"0\">\n<tbody>\n<tr>\n<td><a href=\"http:\/\/www2.arnes.si\/~osticnalj\/SVST\/zapisnik_sveta_starsev_maj_2024.pdf\"><img decoding=\"async\" class=\"alignnone\" src=\"https:\/\/www.os-sticna.si\/wp-content\/uploads\/2019\/11\/PDF-icon3.png\" alt=\"reader_icon.jpg\" width=\"20\" height=\"20\"><\/a><\/td>\n<td>&nbsp;<\/td>\n<td>Zapisnik sveta star\u0161ev, maj 2024<\/td>\n<\/tr>\n<tr>\n<td><a href=\"http:\/\/www2.arnes.si\/~osticnalj\/SVST\/zapisnik-sveta-starsev-feb-2024.pdf\"><img decoding=\"async\" class=\"alignnone\" src=\"https:\/\/www.os-sticna.si\/wp-content\/uploads\/2019\/11\/PDF-icon3.png\" alt=\"reader_icon.jpg\" width=\"20\" height=\"20\"><\/a><\/td>\n<td>&nbsp;<\/td>\n<td>Zapisnik sveta star\u0161ev, februar2024<\/td>\n<\/tr>\n<tr>\n<td><a href=\"http:\/\/www2.arnes.si\/~osticnalj\/SVST\/zapisnik_ sveta_starsev_sep_2023.pdf\"><img decoding=\"async\" class=\"alignnone\" src=\"https:\/\/www.os-sticna.si\/wp-content\/uploads\/2019\/11\/PDF-icon3.png\" alt=\"reader_icon.jpg\" width=\"20\" height=\"20\"><\/a><\/td>\n<td>&nbsp;<\/td>\n<td>Zapisnik sveta star\u0161ev, september 2023<\/td>\n<\/tr>\n<\/tbody>\n<\/table>\n<p><strong>\u0160olsko leto 2022\/2023<\/strong><\/p>\n<table border=\"0\" width=\"90%\" cellspacing=\"0\" cellpadding=\"0\">\n<tbody>\n<tr>\n<td><a href=\"http:\/\/www2.arnes.si\/~osticnalj\/SVST\/zapisnik_ sveta_starsev_maj_2023.pdf\"><img decoding=\"async\" class=\"alignnone\" src=\"https:\/\/www.os-sticna.si\/wp-content\/uploads\/2019\/11\/PDF-icon3.png\" alt=\"reader_icon.jpg\" width=\"20\" height=\"20\"><\/a><\/td>\n<td>&nbsp;<\/td>\n<td>Zapisnik sveta star\u0161ev, maj 2023 (potrjena verzija)<\/td>\n<\/tr>\n<tr>\n<td><a href=\"http:\/\/www2.arnes.si\/~osticnalj\/SVST\/zapisnik_sveta_starsev_feb_2023.pdf\"><img decoding=\"async\" class=\"alignnone\" src=\"https:\/\/www.os-sticna.si\/wp-content\/uploads\/2019\/11\/PDF-icon3.png\" alt=\"reader_icon.jpg\" width=\"20\" height=\"20\"><\/a><\/td>\n<td>&nbsp;<\/td>\n<td>Zapisnik sveta star\u0161ev, februar 2023 (potrjena verzija)<\/td>\n<\/tr>\n<tr>\n<td><a href=\"http:\/\/www2.arnes.si\/~osticnalj\/SVST\/zapisnik_sveta_starsev_sep_2022.pdf\"><img decoding=\"async\" class=\"alignnone\" src=\"https:\/\/www.os-sticna.si\/wp-content\/uploads\/2019\/11\/PDF-icon3.png\" alt=\"reader_icon.jpg\" width=\"20\" height=\"20\"><\/a><\/td>\n<td>&nbsp;<\/td>\n<td>Zapisnik sveta star\u0161ev, september 2022 (potrjena verzija)<\/td>\n<\/tr>\n<\/tbody>\n<\/table>\n<p><strong>\u0160olsko leto 2021\/2022<\/strong><\/p>\n<table border=\"0\" width=\"90%\" cellspacing=\"0\" cellpadding=\"0\">\n<tbody>\n<tr>\n<td><a href=\"http:\/\/www2.arnes.si\/~osticnalj\/SVST\/zapisnik-sveta-starsev-maj-2022.pdf\"><img decoding=\"async\" class=\"alignnone\" src=\"https:\/\/www.os-sticna.si\/wp-content\/uploads\/2019\/11\/PDF-icon3.png\" alt=\"reader_icon.jpg\" width=\"20\" height=\"20\"><\/a><\/td>\n<td>0,3 MB<\/td>\n<td>Zapisnik sveta star\u0161ev, maj 2022<\/td>\n<\/tr>\n<tr>\n<td><a href=\"http:\/\/www2.arnes.si\/~osticnalj\/SVST\/zapisnik_ sveta_starsev_mar_2022.pdf\"><img decoding=\"async\" class=\"alignnone\" src=\"https:\/\/www.os-sticna.si\/wp-content\/uploads\/2019\/11\/PDF-icon3.png\" alt=\"reader_icon.jpg\" width=\"20\" height=\"20\"><\/a><\/td>\n<td>0,3 MB<\/td>\n<td>Zapisnik sveta star\u0161ev, marec 2022<\/td>\n<\/tr>\n<tr>\n<td><a href=\"http:\/\/www2.arnes.si\/~osticnalj\/SVST\/zapisnik_ sveta_starsev_sep_2021.pdf\"><img decoding=\"async\" class=\"alignnone\" src=\"https:\/\/www.os-sticna.si\/wp-content\/uploads\/2019\/11\/PDF-icon3.png\" alt=\"reader_icon.jpg\" width=\"20\" height=\"20\"><\/a><\/td>\n<td>0,2 MB<\/td>\n<td>Zapisnik sveta star\u0161ev, september 2021<\/td>\n<\/tr>\n<\/tbody>\n<\/table>\n<p><strong>\u0160olsko leto 2020\/2021<\/strong><\/p>\n<table border=\"0\" width=\"90%\" cellspacing=\"0\" cellpadding=\"0\">\n<tbody>\n<tr>\n<td><a href=\"http:\/\/www2.arnes.si\/~osticnalj\/SVST\/zapisnik_ sveta_starsev_jun_2021.pdf\"><img decoding=\"async\" class=\"alignnone\" src=\"https:\/\/www.os-sticna.si\/wp-content\/uploads\/2019\/11\/PDF-icon3.png\" alt=\"reader_icon.jpg\" width=\"20\" height=\"20\"><\/a><\/td>\n<td>0,2 MB<\/td>\n<td>Zapisnik sveta star\u0161ev, junij 2021<\/td>\n<\/tr>\n<tr>\n<td><a href=\"http:\/\/www2.arnes.si\/~osticnalj\/SVST\/zapisnik_ sveta_starsev_mar_2021.pdf\"><img decoding=\"async\" class=\"alignnone\" src=\"https:\/\/www.os-sticna.si\/wp-content\/uploads\/2019\/11\/PDF-icon3.png\" alt=\"reader_icon.jpg\" width=\"20\" height=\"20\"><\/a><\/td>\n<td>0,2 MB<\/td>\n<td>Zapisnik sveta star\u0161ev, marec 2021<\/td>\n<\/tr>\n<tr>\n<td><a href=\"http:\/\/www2.arnes.si\/~osticnalj\/SVST\/zapisnik_ sveta_starsev_sep_2020.pdf\"><img decoding=\"async\" class=\"alignnone\" src=\"https:\/\/www.os-sticna.si\/wp-content\/uploads\/2019\/11\/PDF-icon3.png\" alt=\"reader_icon.jpg\" width=\"20\" height=\"20\"><\/a><\/td>\n<td>0,2 MB<\/td>\n<td>Zapisnik sveta star\u0161ev, september 2020<\/td>\n<\/tr>\n<\/tbody>\n<\/table>\n<p><strong>\u0160olsko leto 2019\/2020<\/strong><\/p>\n<table border=\"0\" width=\"90%\" cellspacing=\"0\" cellpadding=\"0\">\n<tbody>\n<tr>\n<td><a href=\"http:\/\/www2.arnes.si\/~osticnalj\/SVST\/zapisnik-sveta-starsev-maj-2020.pdf\"><img decoding=\"async\" class=\"alignnone\" src=\"https:\/\/www.os-sticna.si\/wp-content\/uploads\/2019\/11\/PDF-icon3.png\" alt=\"reader_icon.jpg\" width=\"20\" height=\"20\"><\/a><\/td>\n<td>0,3 MB<\/td>\n<td>Zapisnik sveta star\u0161ev, maj 2020, dopisna seja<\/td>\n<\/tr>\n<tr>\n<td><a href=\"http:\/\/www2.arnes.si\/~osticnalj\/SVST\/zapisnik_sveta_starsev_feb_2020.pdf\"><img decoding=\"async\" class=\"alignnone\" src=\"https:\/\/www.os-sticna.si\/wp-content\/uploads\/2019\/11\/PDF-icon3.png\" alt=\"reader_icon.jpg\" width=\"20\" height=\"20\"><\/a><\/td>\n<td>0,5 MB<\/td>\n<td>Zapisnik sveta star\u0161ev, februar 2020<\/td>\n<\/tr>\n<tr>\n<td><a href=\"http:\/\/www2.arnes.si\/~osticnalj\/SVST\/zapisnik_sveta_starsev_nov_2019.pdf\"><img decoding=\"async\" class=\"alignnone\" src=\"https:\/\/www.os-sticna.si\/wp-content\/uploads\/2019\/11\/PDF-icon3.png\" alt=\"reader_icon.jpg\" width=\"20\" height=\"20\"><\/a><\/td>\n<td>0,6 MB<\/td>\n<td>Zapisnik sveta star\u0161ev, november 2019<\/td>\n<\/tr>\n<tr>\n<td><a href=\"http:\/\/www2.arnes.si\/~osticnalj\/SVST\/zapisnik_sveta_starsev_sep_2019.pdf\"><img decoding=\"async\" class=\"alignnone\" src=\"https:\/\/www.os-sticna.si\/wp-content\/uploads\/2019\/11\/PDF-icon3.png\" alt=\"reader_icon.jpg\" width=\"20\" height=\"20\"><\/a><\/td>\n<td>0,2 MB<\/td>\n<td>Zapisnik sveta star\u0161ev, september 2019<\/td>\n<\/tr>\n<\/tbody>\n<\/table>\n<h5><strong>\u0160olsko leto 2018\/2019<\/strong><\/h5>\n<table border=\"0\" width=\"90%\" cellspacing=\"0\" cellpadding=\"0\">\n<tbody>\n<tr>\n<td><a href=\"http:\/\/www2.arnes.si\/~osticnalj\/SVST\/zapisnik-sveta-starsev-maj-2019.pdf\"><img decoding=\"async\" class=\"alignnone\" src=\"https:\/\/www.os-sticna.si\/wp-content\/uploads\/2019\/11\/PDF-icon3.png\" alt=\"reader_icon.jpg\" width=\"20\" height=\"20\"><\/a><\/td>\n<td>0,15 MB<\/td>\n<td>Zapisnik sveta star\u0161ev, maj 2019<\/td>\n<\/tr>\n<tr>\n<td><a href=\"http:\/\/www2.arnes.si\/~osticnalj\/SVST\/zapisnik-sveta-starsev-feb-2019.pdf\"><img decoding=\"async\" class=\"alignnone\" src=\"https:\/\/www.os-sticna.si\/wp-content\/uploads\/2019\/11\/PDF-icon3.png\" width=\"20\" height=\"20\"><\/a><\/td>\n<td>0,3 MB<\/td>\n<td>Zapisnik sveta star\u0161ev, februar 2019<\/td>\n<\/tr>\n<tr>\n<td><a href=\"http:\/\/www2.arnes.si\/~osticnalj\/SVST\/zapisnik_sveta_starsev_sep_2018.pdf\"><img decoding=\"async\" class=\"alignnone\" src=\"https:\/\/www.os-sticna.si\/wp-content\/uploads\/2019\/11\/PDF-icon3.png\" alt=\"reader_icon.jpg\" width=\"20\" height=\"20\"><\/a><\/td>\n<td>0,2 MB<\/td>\n<td>Zapisnik sveta star\u0161ev, september 2018<\/td>\n<\/tr>\n<\/tbody>\n<\/table>\n<h5><strong>\u0160olsko leto 2017\/2018<\/strong><\/h5>\n<table border=\"0\" width=\"90%\" cellspacing=\"0\" cellpadding=\"0\">\n<tbody>\n<tr>\n<td><a href=\"http:\/\/www2.arnes.si\/~osticnalj\/SVST\/zapisnik_sveta_starsev_junij_2018.pdf\"><img decoding=\"async\" class=\"alignnone\" src=\"https:\/\/www.os-sticna.si\/wp-content\/uploads\/2019\/11\/PDF-icon3.png\" width=\"20\" height=\"20\"><\/a><\/td>\n<td>3,2 MB<\/td>\n<td>Zapisnik sveta star\u0161ev, junij 2018<\/td>\n<\/tr>\n<tr>\n<td><a href=\"http:\/\/www2.arnes.si\/~osticnalj\/SVST\/zapisnik_sveta_starsev_februar_2018.pdf\"><img decoding=\"async\" class=\"alignnone\" src=\"https:\/\/www.os-sticna.si\/wp-content\/uploads\/2019\/11\/PDF-icon3.png\" width=\"20\" height=\"20\"><\/a><\/td>\n<td>0,2 MB<\/td>\n<td>Zapisnik sveta star\u0161ev, februar 2018<\/td>\n<\/tr>\n<tr>\n<td><a href=\"http:\/\/www2.arnes.si\/~osticnalj\/SVST\/zapisnik-sveta-starsev-september-2017.pdf\"><img decoding=\"async\" class=\"alignnone\" src=\"https:\/\/www.os-sticna.si\/wp-content\/uploads\/2019\/11\/PDF-icon3.png\" alt=\"reader_icon.jpg\" width=\"20\" height=\"20\"><\/a><\/td>\n<td>0,5 MB<\/td>\n<td>Zapisnik sveta star\u0161ev, september 2017<\/td>\n<\/tr>\n<\/tbody>\n<\/table>\n<h5><strong>\u0160olsko leto 2016\/2017<\/strong><\/h5>\n<table border=\"0\" width=\"90%\" cellspacing=\"0\" cellpadding=\"0\">\n<tbody>\n<tr>\n<td><a href=\"http:\/\/www2.arnes.si\/~osticnalj\/SVST\/zapisnik-sveta-starsev-maj-2017.pdf\"><img decoding=\"async\" class=\"alignnone\" src=\"https:\/\/www.os-sticna.si\/wp-content\/uploads\/2019\/11\/PDF-icon3.png\" width=\"20\" height=\"20\"><\/a><\/td>\n<td>0,5 MB<\/td>\n<td>Zapisnik sveta star\u0161ev, maj 2017<\/td>\n<\/tr>\n<tr>\n<td><a href=\"http:\/\/www2.arnes.si\/~osticnalj\/SVST\/zapisnik-sveta-starsev-februar-2017.pdf\"><img decoding=\"async\" class=\"alignnone\" src=\"https:\/\/www.os-sticna.si\/wp-content\/uploads\/2019\/11\/PDF-icon3.png\" width=\"20\" height=\"20\"><\/a><\/td>\n<td>0,5 MB<\/td>\n<td>Zapisnik sveta star\u0161ev, februar 2017<\/td>\n<\/tr>\n<tr>\n<td><a href=\"http:\/\/www2.arnes.si\/~osticnalj\/SVST\/zapisnik-sveta-starsev--september-2016.pdf\"><img decoding=\"async\" class=\"alignnone\" src=\"https:\/\/www.os-sticna.si\/wp-content\/uploads\/2019\/11\/PDF-icon3.png\" width=\"20\" height=\"20\"><\/a><\/td>\n<td>2 MB<\/td>\n<td>Zapisnik sveta star\u0161ev, september 2016<\/td>\n<\/tr>\n<\/tbody>\n<\/table>\n<h5><strong>\u0160olsko leto 2015\/2016<\/strong><\/h5>\n<table border=\"0\" width=\"90%\" cellspacing=\"0\" cellpadding=\"0\">\n<tbody>\n<tr>\n<td><a href=\"http:\/\/www2.arnes.si\/~osticnalj\/SVST\/zapisnik-sveta-starsev-sep-2015.pdf\"><img decoding=\"async\" class=\"alignnone\" src=\"https:\/\/www.os-sticna.si\/wp-content\/uploads\/2019\/11\/PDF-icon3.png\" width=\"20\" height=\"20\"><\/a><\/td>\n<td>318&nbsp;kB<\/td>\n<td>Zapisnik sveta star\u0161ev, september 2015<\/td>\n<\/tr>\n<tr>\n<td><a href=\"http:\/\/www2.arnes.si\/~osticnalj\/SVST\/zapisnik_sveta_starsev_februar_2016.pdf\"><img decoding=\"async\" class=\"alignnone\" src=\"https:\/\/www.os-sticna.si\/wp-content\/uploads\/2019\/11\/PDF-icon3.png\" width=\"20\" height=\"20\"><\/a><a href=\"http:\/\/www2.arnes.si\/~osticnalj\/SVST\/dodatek-25-2-2016.pdf\"><img decoding=\"async\" class=\"alignnone\" src=\"https:\/\/www.os-sticna.si\/wp-content\/uploads\/2019\/11\/PDF-icon3.png\" alt=\"reader_icon.jpg\" width=\"20\" height=\"20\"><\/a><\/td>\n<td>318 kB103 kB<\/td>\n<td>&nbsp;Zapisnik sveta star\u0161ev, februar&nbsp;2016Dodatek k zapisniku<\/td>\n<\/tr>\n<tr>\n<td><a href=\"http:\/\/www2.arnes.si\/~osticnalj\/SVST\/zapisnik_sveta_starsev_maj_2016.pdf\"><img decoding=\"async\" class=\"alignnone\" src=\"https:\/\/www.os-sticna.si\/wp-content\/uploads\/2019\/11\/PDF-icon3.png\" width=\"20\" height=\"20\"><\/a><\/td>\n<td>&nbsp;274 kB<\/td>\n<td>&nbsp;Zapisnik sveta star\u0161ev, maj 2016<\/td>\n<\/tr>\n<\/tbody>\n<\/table>\n<h5>\u0160olsko leto 2014\/2015<\/h5>\n<table border=\"0\" width=\"90%\" cellspacing=\"0\" cellpadding=\"0\">\n<tbody>\n<tr>\n<td><a href=\"http:\/\/www2.arnes.si\/~osticnalj\/SVST\/zapisnik-sveta-starsev-sep-2014.pdf\"><img decoding=\"async\" class=\"alignnone\" src=\"https:\/\/www.os-sticna.si\/wp-content\/uploads\/2019\/11\/PDF-icon3.png\" width=\"20\" height=\"20\"><\/a><\/td>\n<td>79 kB<\/td>\n<td>Zapisnik sveta star\u0161ev, september 2014<\/td>\n<\/tr>\n<tr>\n<td><a href=\"http:\/\/www2.arnes.si\/~osticnalj\/SVST\/zapisnik_sveta_starsev_februar_2015.pdf\"><img decoding=\"async\" class=\"alignnone\" src=\"https:\/\/www.os-sticna.si\/wp-content\/uploads\/2019\/11\/PDF-icon3.png\" width=\"20\" height=\"20\"><\/a><\/td>\n<td>&nbsp;1,4 MB<\/td>\n<td>Zapisnik sveta star\u0161ev, februar 2015<\/td>\n<\/tr>\n<tr>\n<td><a href=\"http:\/\/www2.arnes.si\/~osticnalj\/SVST\/zapisnik-sveta-starsev-maj-2015.pdf\"><img decoding=\"async\" class=\"alignnone\" src=\"https:\/\/www.os-sticna.si\/wp-content\/uploads\/2019\/11\/PDF-icon3.png\" width=\"20\" height=\"20\"><\/a><\/td>\n<td>&nbsp;3,5 MB<\/td>\n<td>Zapsinik sveta star\u0161ev, maj 2015<\/td>\n<\/tr>\n<\/tbody>\n<\/table>\n<h5>\u0160olsko leto 2013\/2014<\/h5>\n<table border=\"0\" width=\"90%\" cellspacing=\"0\" cellpadding=\"0\">\n<tbody>\n<tr>\n<td><a href=\"http:\/\/www2.arnes.si\/~osticnalj\/SVST\/zapisnik_sveta_starsev_sep_2013.pdf\"><img decoding=\"async\" src=\"https:\/\/www.os-sticna.si\/wp-content\/uploads\/2019\/11\/PDF-icon3.png\" width=\"20\" height=\"20\"><\/a><\/td>\n<td>&nbsp;280 kB<\/td>\n<td>Zapisnik sveta star\u0161ev, september 2013<\/td>\n<\/tr>\n<tr>\n<td><a href=\"http:\/\/www2.arnes.si\/~osticnalj\/SVST\/zapisnik_sveta_starsev_januar_2014.pdf\"><img decoding=\"async\" src=\"https:\/\/www.os-sticna.si\/wp-content\/uploads\/2019\/11\/PDF-icon3.png\" width=\"20\" height=\"20\"><\/a><\/td>\n<td>&nbsp;650 kB<\/td>\n<td>Zapisnik sveta star\u0161ev, januar 2014<\/td>\n<\/tr>\n<tr>\n<td><a href=\"http:\/\/www2.arnes.si\/~osticnalj\/SVST\/zapisnik_sveta_starsev_maj_2014.pdf\"><img decoding=\"async\" class=\"alignnone\" src=\"https:\/\/www.os-sticna.si\/wp-content\/uploads\/2019\/11\/PDF-icon3.png\" width=\"20\" height=\"20\"><\/a><\/td>\n<td>&nbsp;275 kB<\/td>\n<td>Zapisnik sveta star\u0161ev, maj 2014<\/td>\n<\/tr>\n<\/tbody>\n<\/table>\n<h5>\u0160olsko leto 2012\/2013<\/h5>\n<table style=\"text-align: left; width: 90%;\" border=\"0\" cellspacing=\"0\" cellpadding=\"0\">\n<tbody>\n<tr>\n<td style=\"vertical-align: center; width: 40px;\"><a class=\"shutterset_\" href=\"http:\/\/www2.arnes.si\/~osticnalj\/SVST\/zapisnik_sveta_starsev_sep_2012.pdf\"><img loading=\"lazy\" decoding=\"async\" class=\"ngg-singlepic ngg-none\" src=\"https:\/\/www.os-sticna.si\/wp-content\/uploads\/2019\/11\/PDF-icon3.png\" width=\"20\" height=\"20\"><\/a><\/td>\n<td style=\"vertical-align: center; width: 90px;\">650 kB<\/td>\n<td style=\"vertical-align: center; width: 1066px;\">Zapisnik sveta star\u0161ev, september 2012, lista prisotnosti<\/td>\n<\/tr>\n<tr>\n<td style=\"vertical-align: center; width: 40px;\"><a class=\"shutterset_\" href=\"http:\/\/www2.arnes.si\/~osticnalj\/SVST\/zapisnik_sveta_starsev_januar_2013.pdf\"><img loading=\"lazy\" decoding=\"async\" class=\"ngg-singlepic ngg-none\" src=\"https:\/\/www.os-sticna.si\/wp-content\/uploads\/2019\/11\/PDF-icon3.png\" width=\"20\" height=\"20\"><\/a><\/td>\n<td style=\"vertical-align: center; width: 90px;\">650 kB<\/td>\n<td style=\"vertical-align: center; width: 1066px;\">Zapisnik sveta star\u0161ev, januar 2013, lista prisotnosti<\/td>\n<\/tr>\n<tr>\n<td style=\"vertical-align: center; width: 40px;\"><a href=\"http:\/\/www2.arnes.si\/~osticnalj\/SVST\/zapisnik_sveta_starsev_maj_2013.pdf\"><img decoding=\"async\" src=\"https:\/\/www.os-sticna.si\/wp-content\/uploads\/2019\/11\/PDF-icon3.png\" width=\"20\" height=\"20\"><\/a><\/td>\n<td style=\"vertical-align: center; width: 90px;\">650 kB<\/td>\n<td style=\"vertical-align: center; width: 1066px;\">&nbsp;Zapisnik sveta star\u0161ev, maj 2013, lista prisotnosti<\/td>\n<\/tr>\n<\/tbody>\n<\/table>\n<h5>\u0160olsko leto 2011\/2012<\/h5>\n<table style=\"text-align: left; width: 90%;\" border=\"0\" cellspacing=\"0\" cellpadding=\"0\">\n<tbody>\n<tr>\n<td style=\"vertical-align: center; width: 40px;\"><a class=\"shutterset_\" href=\"http:\/\/www2.arnes.si\/~osticnalj\/SVST\/zapisnik_sveta_starsev_januar_2012.pdf\"><img loading=\"lazy\" decoding=\"async\" class=\"ngg-singlepic ngg-none\" src=\"https:\/\/www.os-sticna.si\/wp-content\/uploads\/2019\/11\/PDF-icon3.png\" width=\"20\" height=\"20\"><\/a><\/td>\n<td style=\"vertical-align: center; width: 90px;\">650 kB<\/td>\n<td style=\"vertical-align: center; width: 1066px;\">Zapisnik sveta star\u0161ev, januar 2012, lista prisotnosti<\/td>\n<\/tr>\n<tr>\n<td style=\"vertical-align: center; width: 40px;\"><a href=\"http:\/\/www2.arnes.si\/~osticnalj\/SVST\/zapisnik_svet_starsev_sep_2011.pdf\"><span class=\"shutterset_\"><img loading=\"lazy\" decoding=\"async\" class=\"ngg-singlepic ngg-none\" src=\"https:\/\/www.os-sticna.si\/wp-content\/uploads\/2019\/11\/PDF-icon3.png\" width=\"20\" height=\"20\"><\/span><\/a><\/td>\n<td style=\"vertical-align: center; width: 90px;\">210 kB<\/td>\n<td style=\"vertical-align: center; width: 1066px;\">Zapisnik sveta star\u0161ev, september 2011, lista prisotnosti<\/td>\n<\/tr>\n<tr>\n<td style=\"vertical-align: center; width: 40px;\"><a class=\"shutterset_\" href=\"http:\/\/www2.arnes.si\/~osticnalj\/SVST\/zapisnik_sveta_starsev_maj_2012.pdf\"><img loading=\"lazy\" decoding=\"async\" class=\"ngg-singlepic ngg-none\" src=\"https:\/\/www.os-sticna.si\/wp-content\/uploads\/2019\/11\/PDF-icon3.png\" width=\"20\" height=\"20\"><\/a><\/td>\n<td style=\"vertical-align: center; width: 90px;\">650 kB<\/td>\n<td style=\"vertical-align: center; width: 1066px;\">Zapisnik sveta star\u0161ev, maj 2012, lista prisotnosti<\/td>\n<\/tr>\n<\/tbody>\n<\/table>\n<table style=\"text-align: left; width: 90%;\" border=\"0\" cellspacing=\"0\" cellpadding=\"0\">\n<tbody>\n<tr>\n<td style=\"vertical-align: center; width: 40px;\"><a class=\"shutterset_\" href=\"http:\/\/www2.arnes.si\/~osticnalj\/SVST\/Okroznica-2011-3.pdf\"><img loading=\"lazy\" decoding=\"async\" class=\"ngg-singlepic ngg-none\" src=\"https:\/\/www.os-sticna.si\/wp-content\/uploads\/2019\/11\/PDF-icon3.png\" width=\"20\" height=\"20\"><\/a><\/td>\n<td style=\"vertical-align: center; width: 90px;\">1 MB<\/td>\n<td style=\"vertical-align: center; width: 1066px;\">Okro\u017enica Zveze aktivov svetov star\u0161ev Slovenije<\/td>\n<\/tr>\n<\/tbody>\n<\/table>\n<h5>\u0160olsko leto 2010\/2011<\/h5>\n<table style=\"text-align: left; width: 90%;\" border=\"0\" cellspacing=\"1\" cellpadding=\"1\">\n<tbody>\n<tr>\n<td style=\"vertical-align: center; width: 40px;\"><a class=\"shutterset_\" href=\"http:\/\/www2.arnes.si\/~osticnalj\/SVST\/zapisnik_sveta_starsev_maj_2011.pdf\"><img loading=\"lazy\" decoding=\"async\" class=\"ngg-singlepic ngg-none\" src=\"https:\/\/www.os-sticna.si\/wp-content\/uploads\/2019\/11\/PDF-icon3.png\" width=\"20\" height=\"20\"><\/a><\/td>\n<td style=\"vertical-align: center; width: 90px;\">680 kB<\/td>\n<td style=\"vertical-align: center; width: 1066px;\">Zapisnik sveta star\u0161ev, maj 2011, lista prisotnosti<\/td>\n<\/tr>\n<tr>\n<td style=\"vertical-align: center; width: 40px;\"><a class=\"shutterset_\" href=\"http:\/\/www2.arnes.si\/~osticnalj\/SVST\/zapisnik_sveta_starsev_jan_2011.pdf\"><img loading=\"lazy\" decoding=\"async\" class=\"ngg-singlepic ngg-none\" src=\"https:\/\/www.os-sticna.si\/wp-content\/uploads\/2019\/11\/PDF-icon3.png\" width=\"20\" height=\"20\"><\/a><\/td>\n<td style=\"vertical-align: center; width: 90px;\">670 kB<\/td>\n<td style=\"vertical-align: center; width: 1066px;\">Zapisnik sveta star\u0161ev, januar 2011, lista prisotnosti<\/td>\n<\/tr>\n<tr>\n<td style=\"vertical-align: center; width: 40px;\"><a href=\"http:\/\/www2.arnes.si\/%7Eosticnalj\/SVST\/zapisnik_%20sveta_starsev_sep_2010.pdf\"><img loading=\"lazy\" decoding=\"async\" class=\"ngg-singlepic ngg-none\" src=\"https:\/\/www.os-sticna.si\/wp-content\/uploads\/2019\/11\/PDF-icon3.png\" width=\"20\" height=\"20\"><\/a><\/td>\n<td style=\"vertical-align: center; width: 90px;\">510 kB<\/td>\n<td style=\"vertical-align: center; width: 1066px;\">Zapisnik sveta star\u0161ev, september 2010<\/td>\n<\/tr>\n<\/tbody>\n<\/table>\n<\/div>","protected":false},"excerpt":{"rendered":"<div class=\"page-restrict-output\"><p>Poslovnik o delu sveta star\u0161ev Poslovnik \u0160olsko leto 2025\/2026 &nbsp; &nbsp; &nbsp; &nbsp; &nbsp; &nbsp; &nbsp; Zapisnik sveta star\u0161ev, september 2025, delovna verzija \u0160olsko leto 2024\/2025 &nbsp; Zapisnik sveta star\u0161ev, maj 2025 (delovna verzija) &nbsp; Zapisnik sveta star\u0161ev, februar 2025 &nbsp; Zapisnik sveta star\u0161ev, september 2024 \u0160olsko leto 2023\/2024 &nbsp; Zapisnik sveta star\u0161ev, maj 2024 &nbsp; Zapisnik sveta star\u0161ev, februar2024 [&#8230;]<\/p>\n<\/div>","protected":false},"author":1,"featured_media":0,"parent":1699,"menu_order":0,"comment_status":"closed","ping_status":"open","template":"","meta":{"ngg_post_thumbnail":0,"_themeisle_gutenberg_block_has_review":false,"footnotes":""},"class_list":["post-5778","page","type-page","status-publish","hentry"],"featured_image_src":null,"featured_image_src_square":null,"_links":{"self":[{"href":"https:\/\/www.os-sticna.si\/index.php?rest_route=\/wp\/v2\/pages\/5778","targetHints":{"allow":["GET"]}}],"collection":[{"href":"https:\/\/www.os-sticna.si\/index.php?rest_route=\/wp\/v2\/pages"}],"about":[{"href":"https:\/\/www.os-sticna.si\/index.php?rest_route=\/wp\/v2\/types\/page"}],"author":[{"embeddable":true,"href":"https:\/\/www.os-sticna.si\/index.php?rest_route=\/wp\/v2\/users\/1"}],"replies":[{"embeddable":true,"href":"https:\/\/www.os-sticna.si\/index.php?rest_route=%2Fwp%2Fv2%2Fcomments&post=5778"}],"version-history":[{"count":4,"href":"https:\/\/www.os-sticna.si\/index.php?rest_route=\/wp\/v2\/pages\/5778\/revisions"}],"predecessor-version":[{"id":33820,"href":"https:\/\/www.os-sticna.si\/index.php?rest_route=\/wp\/v2\/pages\/5778\/revisions\/33820"}],"up":[{"embeddable":true,"href":"https:\/\/www.os-sticna.si\/index.php?rest_route=\/wp\/v2\/pages\/1699"}],"wp:attachment":[{"href":"https:\/\/www.os-sticna.si\/index.php?rest_route=%2Fwp%2Fv2%2Fmedia&parent=5778"}],"curies":[{"name":"wp","href":"https:\/\/api.w.org\/{rel}","templated":true}]}}