{"id":29660,"date":"2024-02-01T11:56:28","date_gmt":"2024-02-01T10:56:28","guid":{"rendered":"https:\/\/www.os-sticna.si\/?page_id=29660"},"modified":"2026-02-03T13:31:20","modified_gmt":"2026-02-03T12:31:20","slug":"elementor-29660","status":"publish","type":"page","link":"https:\/\/www.os-sticna.si\/?page_id=29660","title":{"rendered":"varna raba interneta"},"content":{"rendered":"<div class=\"page-restrict-output\">\t\t<div data-elementor-type=\"wp-page\" data-elementor-id=\"29660\" class=\"elementor elementor-29660\">\n\t\t\t\t<div class=\"elementor-element elementor-element-fcd98b0 e-flex e-con-boxed e-con e-parent\" data-id=\"fcd98b0\" data-element_type=\"container\" data-e-type=\"container\">\n\t\t\t\t\t<div class=\"e-con-inner\">\n\t\t\t\t<div class=\"elementor-element elementor-element-af65139 elementor-widget elementor-widget-image\" data-id=\"af65139\" data-element_type=\"widget\" data-e-type=\"widget\" data-widget_type=\"image.default\">\n\t\t\t\t<div class=\"elementor-widget-container\">\n\t\t\t\t\t\t\t\t\t\t\t\t\t\t\t<img decoding=\"async\" width=\"400\" height=\"108\" src=\"https:\/\/www.os-sticna.si\/wp-content\/uploads\/2016\/02\/znak_os_srednji_crn.jpg\" class=\"attachment-large size-large wp-image-15153\" alt=\"\" srcset=\"https:\/\/www.os-sticna.si\/wp-content\/uploads\/2016\/02\/znak_os_srednji_crn.jpg 400w, https:\/\/www.os-sticna.si\/wp-content\/uploads\/2016\/02\/znak_os_srednji_crn-320x86.jpg 320w\" sizes=\"(max-width: 400px) 100vw, 400px\" \/>\t\t\t\t\t\t\t\t\t\t\t\t\t\t\t<\/div>\n\t\t\t\t<\/div>\n\t\t<div class=\"elementor-element elementor-element-3728059 e-con-full e-flex e-con e-child\" data-id=\"3728059\" data-element_type=\"container\" data-e-type=\"container\">\n\t\t\t\t<div class=\"elementor-element elementor-element-8030d38 elementor-widget elementor-widget-image\" data-id=\"8030d38\" data-element_type=\"widget\" data-e-type=\"widget\" data-widget_type=\"image.default\">\n\t\t\t\t<div class=\"elementor-widget-container\">\n\t\t\t\t\t\t\t\t\t\t\t\t\t\t\t<img fetchpriority=\"high\" decoding=\"async\" width=\"800\" height=\"400\" src=\"https:\/\/www.os-sticna.si\/wp-content\/uploads\/2026\/02\/sid-si_banner_2026_1500_x_750_pik_0-800x400.png\" class=\"attachment-large size-large wp-image-33763\" alt=\"\" srcset=\"https:\/\/www.os-sticna.si\/wp-content\/uploads\/2026\/02\/sid-si_banner_2026_1500_x_750_pik_0-800x400.png 800w, https:\/\/www.os-sticna.si\/wp-content\/uploads\/2026\/02\/sid-si_banner_2026_1500_x_750_pik_0-320x160.png 320w, https:\/\/www.os-sticna.si\/wp-content\/uploads\/2026\/02\/sid-si_banner_2026_1500_x_750_pik_0-768x384.png 768w, https:\/\/www.os-sticna.si\/wp-content\/uploads\/2026\/02\/sid-si_banner_2026_1500_x_750_pik_0-420x210.png 420w, https:\/\/www.os-sticna.si\/wp-content\/uploads\/2026\/02\/sid-si_banner_2026_1500_x_750_pik_0.png 1500w\" sizes=\"(max-width: 800px) 100vw, 800px\" \/>\t\t\t\t\t\t\t\t\t\t\t\t\t\t\t<\/div>\n\t\t\t\t<\/div>\n\t\t\t\t<\/div>\n\t\t<div class=\"elementor-element elementor-element-6d2b126 e-flex e-con-boxed e-con e-child\" data-id=\"6d2b126\" data-element_type=\"container\" data-e-type=\"container\">\n\t\t\t\t\t<div class=\"e-con-inner\">\n\t\t\t\t<div class=\"elementor-element elementor-element-6f7cfe6 elementor-widget elementor-widget-heading\" data-id=\"6f7cfe6\" data-element_type=\"widget\" data-e-type=\"widget\" data-widget_type=\"heading.default\">\n\t\t\t\t<div class=\"elementor-widget-container\">\n\t\t\t\t\t<h2 class=\"elementor-heading-title elementor-size-default\">Priporo\u010deni videi<\/h2>\t\t\t\t<\/div>\n\t\t\t\t<\/div>\n\t\t\t\t<div class=\"elementor-element elementor-element-730f435 elementor-widget elementor-widget-text-editor\" data-id=\"730f435\" data-element_type=\"widget\" data-e-type=\"widget\" data-widget_type=\"text-editor.default\">\n\t\t\t\t<div class=\"elementor-widget-container\">\n\t\t\t\t\t\t\t\t\t<ul><li>NAKUPOVALNA KO\u0160ARICA: pasti spletnega nakupovanja (<a href=\"https:\/\/safe.si\/video\/risanke-ovcesk\/nakupovalna-kosarica-pasti-spletnega-nakupovanja\">link<\/a>)<\/li><li>BLEBETA\u010c: Izdaja podatkov o premo\u017eenju na spletu (<a href=\"https:\/\/safe.si\/video\/risanke-ovcesk\/blebetac-izdaja-podatkov-o-premozenju-na-spletu\">link<\/a>)<\/li><li>ODGOVORNO: pametna in koristna uporaba interneta (<a href=\"https:\/\/safe.si\/video\/risanke-ovcesk\/odgovorno-pametna-in-koristna-uporaba-interneta\" target=\"_blank\" rel=\"noopener\">link<\/a>)<\/li><\/ul>\t\t\t\t\t\t\t\t<\/div>\n\t\t\t\t<\/div>\n\t\t\t\t<div class=\"elementor-element elementor-element-b270a49 elementor-widget elementor-widget-heading\" data-id=\"b270a49\" data-element_type=\"widget\" data-e-type=\"widget\" data-widget_type=\"heading.default\">\n\t\t\t\t<div class=\"elementor-widget-container\">\n\t\t\t\t\t<h2 class=\"elementor-heading-title elementor-size-default\">Kvizi in testi<\/h2>\t\t\t\t<\/div>\n\t\t\t\t<\/div>\n\t\t\t\t<div class=\"elementor-element elementor-element-9428585 elementor-widget elementor-widget-text-editor\" data-id=\"9428585\" data-element_type=\"widget\" data-e-type=\"widget\" data-widget_type=\"text-editor.default\">\n\t\t\t\t<div class=\"elementor-widget-container\">\n\t\t\t\t\t\t\t\t\t<ul><li>Kviz o spletnem potro\u0161ni\u0161tvu za u\u010dence 2.triade (<a href=\"https:\/\/safe.si\/gradiva\/e-ucenje\/kviz-pasti-spletnega-nakupovanja-9-12-let\" target=\"_blank\" rel=\"noopener\">link<\/a>)<\/li><li>Kviz o spletnem potro\u0161ni\u0161tvu za u\u010dence 3.triade (<a href=\"https:\/\/safe.si\/gradiva\/e-ucenje\/kviz-pasti-spletnega-nakupovanja-12-15-let\" target=\"_blank\" rel=\"noopener\">link<\/a>)<\/li><li>Test zasvojenosti z internetom za najstnike (<a href=\"https:\/\/safe.si\/gradiva\/testi\/test-zasvojenosti-internetom-za-najstnike\" target=\"_blank\" rel=\"noopener\">link<\/a>)<\/li><li>S kvizom do prepoznave la\u017ei na internetu (<a href=\"https:\/\/safe.si\/gradiva\/e-ucenje\/kviz-kvizom-do-prepoznave-lazi-na-internetu\" target=\"_blank\" rel=\"noopener\">link<\/a>)<\/li><\/ul>\t\t\t\t\t\t\t\t<\/div>\n\t\t\t\t<\/div>\n\t\t\t\t<div class=\"elementor-element elementor-element-3423934 elementor-widget elementor-widget-heading\" data-id=\"3423934\" data-element_type=\"widget\" data-e-type=\"widget\" data-widget_type=\"heading.default\">\n\t\t\t\t<div class=\"elementor-widget-container\">\n\t\t\t\t\t<h2 class=\"elementor-heading-title elementor-size-default\">Ostala gradiva<\/h2>\t\t\t\t<\/div>\n\t\t\t\t<\/div>\n\t\t\t\t<div class=\"elementor-element elementor-element-02124ad elementor-widget elementor-widget-text-editor\" data-id=\"02124ad\" data-element_type=\"widget\" data-e-type=\"widget\" data-widget_type=\"text-editor.default\">\n\t\t\t\t<div class=\"elementor-widget-container\">\n\t\t\t\t\t\t\t\t\t<ul><li>Anketa o umetni inteligenci za u\u010dence 3.triade (<a href=\"https:\/\/1325.safe.si\/public\/get\/app-1325\/user-10720\/group-174\/product-4448\/image-1\/\">link<\/a>)<\/li><li>Drevo odlo\u010danja: Kdo je moj spletni prijatelj (<a href=\"https:\/\/1325.safe.si\/public\/get\/app-1325\/user-10720\/group-174\/product-4400\/image-1\/\">link<\/a>)<\/li><li>Kako povedati odraslim, da se ti je na internetu zgodilo nekaj slabega (<a style=\"text-size-adjust: none; color: #cc0000; font-size: 16px;\" href=\"https:\/\/1325.safe.si\/public\/get\/app-1325\/user-10720\/group-174\/product-4402\/image-1\/\" target=\"_blank\" rel=\"noopener\">link<\/a>)<\/li><\/ul>\t\t\t\t\t\t\t\t<\/div>\n\t\t\t\t<\/div>\n\t\t\t\t<div class=\"elementor-element elementor-element-5013d47 elementor-widget elementor-widget-heading\" data-id=\"5013d47\" data-element_type=\"widget\" data-e-type=\"widget\" data-widget_type=\"heading.default\">\n\t\t\t\t<div class=\"elementor-widget-container\">\n\t\t\t\t\t<h2 class=\"elementor-heading-title elementor-size-default\">Video Safe.si<\/h2>\t\t\t\t<\/div>\n\t\t\t\t<\/div>\n\t\t<div class=\"elementor-element elementor-element-749ad9c e-con-full e-flex e-con e-child\" data-id=\"749ad9c\" data-element_type=\"container\" data-e-type=\"container\">\n\t\t\t\t<div class=\"elementor-element elementor-element-79a23d3 elementor-widget elementor-widget-text-editor\" data-id=\"79a23d3\" data-element_type=\"widget\" data-e-type=\"widget\" data-widget_type=\"text-editor.default\">\n\t\t\t\t<div class=\"elementor-widget-container\">\n\t\t\t\t\t\t\t\t\t<ul><li>Kako povedati odraslim, da se ti je na internetu zgodilo nekaj slabega (<a href=\"https:\/\/safe.si\/video\/safesi-videi\/kako-povedati-odraslim-da-se-ti-je-na-internetu-zgodilo-nekaj-slabega\" target=\"_blank\" rel=\"noopener\">link<\/a>)<\/li><li>Svet dobrot (video je bil nagrajen v okviru Safe.si nate\u010daja 2024\/25) (<a href=\"https:\/\/safe.si\/video\/izdelki-safesi-nagradnih-natecajev\/svet-dobrot\">link<\/a>)<\/li><li>Mladi potro\u0161niki v digitalnem svetu (video je bil nagrajen v okviru Safe.si nate\u010daja 2024\/25) (<a href=\"https:\/\/safe.si\/video\/izdelki-safesi-nagradnih-natecajev\/mladi-potrosniki-digitalnem-svetu\">link<\/a>)<\/li><li>Zavajujo\u010da vsebina (video je bil nagrajen v okviru Safe.si nate\u010daja 2024\/25) (<a href=\"https:\/\/safe.si\/dopolnilna\/zmagovalci-202425-3-triada-3-mesto-0?width=900&amp;height=900&amp;iframe=true\">link<\/a>)<\/li><li>Ma\u010dek v \u017eaklju (video je bil nagrajen v okviru Safe.si nate\u010daja 2018\/19) (<a href=\"https:\/\/safe.si\/video\/izdelki-safesi-nagradnih-natecajev\/macek-zaklju\">link<\/a>)<\/li><li>Hipster Bedanc: Ne zatipkaj si \u017eepnine (<a href=\"https:\/\/safe.si\/video\/hipster-bedanc\/hipster-bedanc-ne-zatipkaj-si-zepnine\">link<\/a>)<\/li><\/ul>\t\t\t\t\t\t\t\t<\/div>\n\t\t\t\t<\/div>\n\t\t\t\t<\/div>\n\t\t\t\t<div class=\"elementor-element elementor-element-8e618cf elementor-widget elementor-widget-text-editor\" data-id=\"8e618cf\" data-element_type=\"widget\" data-e-type=\"widget\" data-widget_type=\"text-editor.default\">\n\t\t\t\t<div class=\"elementor-widget-container\">\n\t\t\t\t\t\t\t\t\t<p style=\"text-align: center;\">Gradiva so pripravili sodelavci spletne strani <a href=\"https:\/\/www.safe.si\">Safe.si<\/a><\/p>\t\t\t\t\t\t\t\t<\/div>\n\t\t\t\t<\/div>\n\t\t\t\t\t<\/div>\n\t\t\t\t<\/div>\n\t\t\t\t\t<\/div>\n\t\t\t\t<\/div>\n\t\t\t\t<\/div>\n\t\t<\/div>","protected":false},"excerpt":{"rendered":"<div class=\"page-restrict-output\"><p>Priporo\u010deni videi NAKUPOVALNA KO\u0160ARICA: pasti spletnega nakupovanja (link) BLEBETA\u010c: Izdaja podatkov o premo\u017eenju na spletu (link) ODGOVORNO: pametna in koristna uporaba interneta (link) Kvizi in testi Kviz o spletnem potro\u0161ni\u0161tvu za u\u010dence 2.triade (link) Kviz o spletnem potro\u0161ni\u0161tvu za u\u010dence 3.triade (link) Test zasvojenosti z internetom za najstnike (link) S kvizom do prepoznave la\u017ei na internetu (link) Ostala gradiva Anketa [&#8230;]<\/p>\n<\/div>","protected":false},"author":4,"featured_media":0,"parent":0,"menu_order":0,"comment_status":"closed","ping_status":"closed","template":"","meta":{"ngg_post_thumbnail":0,"_themeisle_gutenberg_block_has_review":false,"footnotes":""},"class_list":["post-29660","page","type-page","status-publish","hentry"],"featured_image_src":null,"featured_image_src_square":null,"_links":{"self":[{"href":"https:\/\/www.os-sticna.si\/index.php?rest_route=\/wp\/v2\/pages\/29660","targetHints":{"allow":["GET"]}}],"collection":[{"href":"https:\/\/www.os-sticna.si\/index.php?rest_route=\/wp\/v2\/pages"}],"about":[{"href":"https:\/\/www.os-sticna.si\/index.php?rest_route=\/wp\/v2\/types\/page"}],"author":[{"embeddable":true,"href":"https:\/\/www.os-sticna.si\/index.php?rest_route=\/wp\/v2\/users\/4"}],"replies":[{"embeddable":true,"href":"https:\/\/www.os-sticna.si\/index.php?rest_route=%2Fwp%2Fv2%2Fcomments&post=29660"}],"version-history":[{"count":5,"href":"https:\/\/www.os-sticna.si\/index.php?rest_route=\/wp\/v2\/pages\/29660\/revisions"}],"predecessor-version":[{"id":33776,"href":"https:\/\/www.os-sticna.si\/index.php?rest_route=\/wp\/v2\/pages\/29660\/revisions\/33776"}],"wp:attachment":[{"href":"https:\/\/www.os-sticna.si\/index.php?rest_route=%2Fwp%2Fv2%2Fmedia&parent=29660"}],"curies":[{"name":"wp","href":"https:\/\/api.w.org\/{rel}","templated":true}]}}