{"id":28179,"date":"2023-04-13T12:41:07","date_gmt":"2023-04-13T11:41:07","guid":{"rendered":"https:\/\/www.os-sticna.si\/?page_id=28179"},"modified":"2023-04-13T13:03:29","modified_gmt":"2023-04-13T12:03:29","slug":"elementor-28179","status":"publish","type":"page","link":"https:\/\/www.os-sticna.si\/?page_id=28179","title":{"rendered":"Predstavitev projektov Arnes"},"content":{"rendered":"<div class=\"page-restrict-output\">\t\t<div data-elementor-type=\"wp-page\" data-elementor-id=\"28179\" class=\"elementor elementor-28179\">\n\t\t\t\t\t\t<section class=\"elementor-section elementor-top-section elementor-element elementor-element-e00dded elementor-section-boxed elementor-section-height-default elementor-section-height-default\" data-id=\"e00dded\" data-element_type=\"section\" data-e-type=\"section\">\n\t\t\t\t\t\t<div class=\"elementor-container elementor-column-gap-default\">\n\t\t\t\t\t<div class=\"elementor-column elementor-col-100 elementor-top-column elementor-element elementor-element-d5156e8\" data-id=\"d5156e8\" data-element_type=\"column\" data-e-type=\"column\">\n\t\t\t<div class=\"elementor-widget-wrap elementor-element-populated\">\n\t\t\t\t\t\t<div class=\"elementor-element elementor-element-c85aec4 elementor-widget elementor-widget-image\" data-id=\"c85aec4\" data-element_type=\"widget\" data-e-type=\"widget\" data-widget_type=\"image.default\">\n\t\t\t\t<div class=\"elementor-widget-container\">\n\t\t\t\t\t\t\t\t\t\t\t\t\t\t\t<img fetchpriority=\"high\" decoding=\"async\" width=\"877\" height=\"90\" src=\"https:\/\/www.os-sticna.si\/wp-content\/uploads\/2023\/04\/NOO_Arnes_Ministrstvo-za-vzgojo-in-izobrazevanje_EU.png\" class=\"attachment-full size-full wp-image-28181\" alt=\"\" srcset=\"https:\/\/www.os-sticna.si\/wp-content\/uploads\/2023\/04\/NOO_Arnes_Ministrstvo-za-vzgojo-in-izobrazevanje_EU.png 877w, https:\/\/www.os-sticna.si\/wp-content\/uploads\/2023\/04\/NOO_Arnes_Ministrstvo-za-vzgojo-in-izobrazevanje_EU-320x33.png 320w, https:\/\/www.os-sticna.si\/wp-content\/uploads\/2023\/04\/NOO_Arnes_Ministrstvo-za-vzgojo-in-izobrazevanje_EU-800x82.png 800w, https:\/\/www.os-sticna.si\/wp-content\/uploads\/2023\/04\/NOO_Arnes_Ministrstvo-za-vzgojo-in-izobrazevanje_EU-768x79.png 768w\" sizes=\"(max-width: 877px) 100vw, 877px\" \/>\t\t\t\t\t\t\t\t\t\t\t\t\t\t\t<\/div>\n\t\t\t\t<\/div>\n\t\t\t\t<div class=\"elementor-element elementor-element-a12793d elementor-tabs-view-horizontal elementor-widget elementor-widget-tabs\" data-id=\"a12793d\" data-element_type=\"widget\" data-e-type=\"widget\" data-widget_type=\"tabs.default\">\n\t\t\t\t<div class=\"elementor-widget-container\">\n\t\t\t\t\t\t\t<div class=\"elementor-tabs\">\n\t\t\t<div class=\"elementor-tabs-wrapper\" role=\"tablist\" >\n\t\t\t\t\t\t\t\t\t<div id=\"elementor-tab-title-1681\" class=\"elementor-tab-title elementor-tab-desktop-title\" aria-selected=\"true\" data-tab=\"1\" role=\"tab\" tabindex=\"0\" aria-controls=\"elementor-tab-content-1681\" aria-expanded=\"false\">Posodobitev LAN na VIZ<\/div>\n\t\t\t\t\t\t\t\t\t<div id=\"elementor-tab-title-1682\" class=\"elementor-tab-title elementor-tab-desktop-title\" aria-selected=\"false\" data-tab=\"2\" role=\"tab\" tabindex=\"-1\" aria-controls=\"elementor-tab-content-1682\" aria-expanded=\"false\">IR Optika 2<\/div>\n\t\t\t\t\t\t\t<\/div>\n\t\t\t<div class=\"elementor-tabs-content-wrapper\" role=\"tablist\" aria-orientation=\"vertical\">\n\t\t\t\t\t\t\t\t\t<div class=\"elementor-tab-title elementor-tab-mobile-title\" aria-selected=\"true\" data-tab=\"1\" role=\"tab\" tabindex=\"0\" aria-controls=\"elementor-tab-content-1681\" aria-expanded=\"false\">Posodobitev LAN na VIZ<\/div>\n\t\t\t\t\t<div id=\"elementor-tab-content-1681\" class=\"elementor-tab-content elementor-clearfix\" data-tab=\"1\" role=\"tabpanel\" aria-labelledby=\"elementor-tab-title-1681\" tabindex=\"0\" hidden=\"false\"><p><strong>Naziv operacije:<\/strong> Posodobitev ra\u010dunalni\u0161kih omre\u017eij LAN na VIZ v osnovnem in srednjem \u0161olstvu ter organizacijah za izobra\u017eevanje odraslih<\/p><p><strong>Cilji projekta:<\/strong> Namen projekta\u00a0<a href=\"https:\/\/www.arnes.si\/posodobitev-omrezij-lan-na-viz\/\" target=\"_blank\" rel=\"noopener\">Posodobitev omre\u017eij LAN na VIZ<\/a>\u00a0je posodobiti ra\u010dunalni\u0161ka omre\u017eja; pregled obstoje\u010dega stanja, izdelava na\u010drta posodobitve, izvedba posodobitve \u2013 nadgradnja aktivne in pasivne opreme v osnovnem in srednjem \u0161olstvu ter na organizacijah izobra\u017eevanja za odrasle. Skupna vrednost programa zna\u0161a 5.533.333,81 \u20ac, sredstva mehanizma za okrevanje in odpornost zna\u0161ajo 4.605.647 \u20ac.<\/p><\/div>\n\t\t\t\t\t\t\t\t\t<div class=\"elementor-tab-title elementor-tab-mobile-title\" aria-selected=\"false\" data-tab=\"2\" role=\"tab\" tabindex=\"-1\" aria-controls=\"elementor-tab-content-1682\" aria-expanded=\"false\">IR Optika 2<\/div>\n\t\t\t\t\t<div id=\"elementor-tab-content-1682\" class=\"elementor-tab-content elementor-clearfix\" data-tab=\"2\" role=\"tabpanel\" aria-labelledby=\"elementor-tab-title-1682\" tabindex=\"0\" hidden=\"hidden\"><p><strong>Naziv operacije:<\/strong> Vzpostavitev opti\u010dne povezljivosti za zavode s podro\u010dja raziskovanja in izobra\u017eevanja \u2013 IR optika 2<\/p><p><strong>Cilji projekta:<\/strong> Namen projekta\u00a0<a href=\"https:\/\/www.arnes.si\/ir-optika-2\/\" target=\"_blank\" rel=\"noopener\">IR optika 2<\/a>\u00a0je vzpostaviti opti\u010dne povezave pri \u010dim ve\u010d javnih zavodih s podro\u010dja vzgoje in izobra\u017eevanja, ki \u0161e nimajo lastne opti\u010dne povezave in pri tistih zavodih, ki uporabljajo opti\u010dne povezave, vendar zanje pla\u010dujejo visoke stro\u0161ke zakupa. Skupna vrednost programa zna\u0161a 5.900.000 \u20ac, sredstva mehanizma za okrevanje in odpornost zna\u0161ajo 4.836.065,57 \u20ac.<\/p><p>\u00a0<\/p><\/div>\n\t\t\t\t\t\t\t<\/div>\n\t\t<\/div>\n\t\t\t\t\t\t<\/div>\n\t\t\t\t<\/div>\n\t\t\t\t<div class=\"elementor-element elementor-element-7772735 elementor-widget-divider--view-line_icon elementor-view-default elementor-widget-divider--element-align-center elementor-widget elementor-widget-divider\" data-id=\"7772735\" data-element_type=\"widget\" data-e-type=\"widget\" data-widget_type=\"divider.default\">\n\t\t\t\t<div class=\"elementor-widget-container\">\n\t\t\t\t\t\t\t<div class=\"elementor-divider\">\n\t\t\t<span class=\"elementor-divider-separator\">\n\t\t\t\t\t\t\t<div class=\"elementor-icon elementor-divider__element\">\n\t\t\t\t\t<svg aria-hidden=\"true\" class=\"e-font-icon-svg e-fas-sync\" viewBox=\"0 0 512 512\" xmlns=\"http:\/\/www.w3.org\/2000\/svg\"><path d=\"M440.65 12.57l4 82.77A247.16 247.16 0 0 0 255.83 8C134.73 8 33.91 94.92 12.29 209.82A12 12 0 0 0 24.09 224h49.05a12 12 0 0 0 11.67-9.26 175.91 175.91 0 0 1 317-56.94l-101.46-4.86a12 12 0 0 0-12.57 12v47.41a12 12 0 0 0 12 12H500a12 12 0 0 0 12-12V12a12 12 0 0 0-12-12h-47.37a12 12 0 0 0-11.98 12.57zM255.83 432a175.61 175.61 0 0 1-146-77.8l101.8 4.87a12 12 0 0 0 12.57-12v-47.4a12 12 0 0 0-12-12H12a12 12 0 0 0-12 12V500a12 12 0 0 0 12 12h47.35a12 12 0 0 0 12-12.6l-4.15-82.57A247.17 247.17 0 0 0 255.83 504c121.11 0 221.93-86.92 243.55-201.82a12 12 0 0 0-11.8-14.18h-49.05a12 12 0 0 0-11.67 9.26A175.86 175.86 0 0 1 255.83 432z\"><\/path><\/svg><\/div>\n\t\t\t\t\t\t<\/span>\n\t\t<\/div>\n\t\t\t\t\t\t<\/div>\n\t\t\t\t<\/div>\n\t\t\t\t<div class=\"elementor-element elementor-element-33042b6 elementor-widget elementor-widget-text-editor\" data-id=\"33042b6\" data-element_type=\"widget\" data-e-type=\"widget\" data-widget_type=\"text-editor.default\">\n\t\t\t\t<div class=\"elementor-widget-container\">\n\t\t\t\t\t\t\t\t\t<p>Na\u010drt za okrevanje in odpornost je podlaga za kori\u0161\u010denje sredstev evropskega Mehanizma za okrevanje in odpornost. Pripomogel bo k okrevanju slovenskega gospodarstva in prispeval k bla\u017eitvi socialnih posledic pandemije covida-19. Z izvedbo na\u010drtovanih reform in nalo\u017eb za zeleni in digitalni prehod bo slovenska dru\u017eba bolj trajnostna, odpornej\u0161a in bolje pripravljena na izzive prihodnosti. NOO sofinancirata Evropska unija in Ministrstvo za vzgojo in izobra\u017eevanje v okviru odziva Unije na pandemijo COVID-19.<\/p>\t\t\t\t\t\t\t\t<\/div>\n\t\t\t\t<\/div>\n\t\t\t\t<div class=\"elementor-element elementor-element-04d8020 elementor-button-info elementor-align-center elementor-invisible elementor-widget elementor-widget-button\" data-id=\"04d8020\" data-element_type=\"widget\" data-e-type=\"widget\" data-settings=\"{&quot;_animation&quot;:&quot;fadeIn&quot;}\" data-widget_type=\"button.default\">\n\t\t\t\t<div class=\"elementor-widget-container\">\n\t\t\t\t\t\t\t\t\t<div class=\"elementor-button-wrapper\">\n\t\t\t\t\t<a class=\"elementor-button elementor-button-link elementor-size-xs\" href=\"https:\/\/www.gov.si\/zbirke\/projekti-in-programi\/nacrt-za-okrevanje-in-odpornost\" target=\"_blank\">\n\t\t\t\t\t\t<span class=\"elementor-button-content-wrapper\">\n\t\t\t\t\t\t\t\t\t<span class=\"elementor-button-text\">Izvajanje na\u010drta za okrevanje in odpornost<\/span>\n\t\t\t\t\t<\/span>\n\t\t\t\t\t<\/a>\n\t\t\t\t<\/div>\n\t\t\t\t\t\t\t\t<\/div>\n\t\t\t\t<\/div>\n\t\t\t\t\t<\/div>\n\t\t<\/div>\n\t\t\t\t\t<\/div>\n\t\t<\/section>\n\t\t\t\t<\/div>\n\t\t<\/div>","protected":false},"excerpt":{"rendered":"<div class=\"page-restrict-output\"><p>Posodobitev LAN na VIZ IR Optika 2 Posodobitev LAN na VIZ Naziv operacije: Posodobitev ra\u010dunalni\u0161kih omre\u017eij LAN na VIZ v osnovnem in srednjem \u0161olstvu ter organizacijah za izobra\u017eevanje odraslih Cilji projekta: Namen projekta\u00a0Posodobitev omre\u017eij LAN na VIZ\u00a0je posodobiti ra\u010dunalni\u0161ka omre\u017eja; pregled obstoje\u010dega stanja, izdelava na\u010drta posodobitve, izvedba posodobitve \u2013 nadgradnja aktivne in pasivne opreme v osnovnem in srednjem \u0161olstvu ter [&#8230;]<\/p>\n<\/div>","protected":false},"author":4,"featured_media":0,"parent":0,"menu_order":0,"comment_status":"closed","ping_status":"closed","template":"","meta":{"ngg_post_thumbnail":0,"_themeisle_gutenberg_block_has_review":false,"footnotes":""},"class_list":["post-28179","page","type-page","status-publish","hentry"],"featured_image_src":null,"featured_image_src_square":null,"_links":{"self":[{"href":"https:\/\/www.os-sticna.si\/index.php?rest_route=\/wp\/v2\/pages\/28179","targetHints":{"allow":["GET"]}}],"collection":[{"href":"https:\/\/www.os-sticna.si\/index.php?rest_route=\/wp\/v2\/pages"}],"about":[{"href":"https:\/\/www.os-sticna.si\/index.php?rest_route=\/wp\/v2\/types\/page"}],"author":[{"embeddable":true,"href":"https:\/\/www.os-sticna.si\/index.php?rest_route=\/wp\/v2\/users\/4"}],"replies":[{"embeddable":true,"href":"https:\/\/www.os-sticna.si\/index.php?rest_route=%2Fwp%2Fv2%2Fcomments&post=28179"}],"version-history":[{"count":12,"href":"https:\/\/www.os-sticna.si\/index.php?rest_route=\/wp\/v2\/pages\/28179\/revisions"}],"predecessor-version":[{"id":28197,"href":"https:\/\/www.os-sticna.si\/index.php?rest_route=\/wp\/v2\/pages\/28179\/revisions\/28197"}],"wp:attachment":[{"href":"https:\/\/www.os-sticna.si\/index.php?rest_route=%2Fwp%2Fv2%2Fmedia&parent=28179"}],"curies":[{"name":"wp","href":"https:\/\/api.w.org\/{rel}","templated":true}]}}