{"id":24971,"date":"2021-05-06T11:54:24","date_gmt":"2021-05-06T10:54:24","guid":{"rendered":"https:\/\/www.os-sticna.si\/?page_id=24971"},"modified":"2021-05-06T11:54:24","modified_gmt":"2021-05-06T10:54:24","slug":"vi-vozite","status":"publish","type":"page","link":"https:\/\/www.os-sticna.si\/?page_id=24971","title":{"rendered":"Vi vozite"},"content":{"rendered":"<div class=\"page-restrict-output\"><p>V spodnjem okvirju lahko spremljate izbrane prometne podatke iz treh merilnikov in sicer:<\/p>\n<ul>\n<li>merilnik na cesti Sti\u010dna &#8211; Vir pri Sti\u010dni (pri Fincu)<\/li>\n<li>merilnik na Ljubljanski cesti v Ivan\u010dni Gorici ( prehod za pe\u0161ce pri \u0160ipci)<\/li>\n<li>merilnik v Gorenji vasi<\/li>\n<\/ul>\n<p><iframe src=\"https:\/\/portal.vi-vozite.si\/grid\/object\/iframe\/key=fe7a5f772f12bd65ea89bb1c68bf3757bc4f9d34b005c85aa7e24213673d4c47\" width=\"100%\" height=\"600\" frameborder=\"0\"><span data-mce-type=\"bookmark\" style=\"display: inline-block; width: 0px; overflow: hidden; line-height: 0;\" class=\"mce_SELRES_start\">\ufeff<\/span><\/iframe><\/p>\n<\/div>","protected":false},"excerpt":{"rendered":"<div class=\"page-restrict-output\"><p>V spodnjem okvirju lahko spremljate izbrane prometne podatke iz treh merilnikov in sicer: merilnik na cesti Sti\u010dna &#8211; Vir pri Sti\u010dni (pri Fincu) merilnik na Ljubljanski cesti v Ivan\u010dni Gorici ( prehod za pe\u0161ce pri \u0160ipci) merilnik v Gorenji vasi \ufeff<\/p>\n<\/div>","protected":false},"author":4,"featured_media":0,"parent":0,"menu_order":0,"comment_status":"closed","ping_status":"closed","template":"","meta":{"ngg_post_thumbnail":0,"_themeisle_gutenberg_block_has_review":false,"footnotes":""},"class_list":["post-24971","page","type-page","status-publish","hentry"],"featured_image_src":null,"featured_image_src_square":null,"_links":{"self":[{"href":"https:\/\/www.os-sticna.si\/index.php?rest_route=\/wp\/v2\/pages\/24971","targetHints":{"allow":["GET"]}}],"collection":[{"href":"https:\/\/www.os-sticna.si\/index.php?rest_route=\/wp\/v2\/pages"}],"about":[{"href":"https:\/\/www.os-sticna.si\/index.php?rest_route=\/wp\/v2\/types\/page"}],"author":[{"embeddable":true,"href":"https:\/\/www.os-sticna.si\/index.php?rest_route=\/wp\/v2\/users\/4"}],"replies":[{"embeddable":true,"href":"https:\/\/www.os-sticna.si\/index.php?rest_route=%2Fwp%2Fv2%2Fcomments&post=24971"}],"version-history":[{"count":2,"href":"https:\/\/www.os-sticna.si\/index.php?rest_route=\/wp\/v2\/pages\/24971\/revisions"}],"predecessor-version":[{"id":24974,"href":"https:\/\/www.os-sticna.si\/index.php?rest_route=\/wp\/v2\/pages\/24971\/revisions\/24974"}],"wp:attachment":[{"href":"https:\/\/www.os-sticna.si\/index.php?rest_route=%2Fwp%2Fv2%2Fmedia&parent=24971"}],"curies":[{"name":"wp","href":"https:\/\/api.w.org\/{rel}","templated":true}]}}