{"id":2470,"date":"2011-03-10T09:43:19","date_gmt":"2011-03-10T08:43:19","guid":{"rendered":"http:\/\/193.2.241.104\/?page_id=2470"},"modified":"2025-10-01T11:35:50","modified_gmt":"2025-10-01T10:35:50","slug":"npz-2011","status":"publish","type":"page","link":"https:\/\/www.os-sticna.si\/?page_id=2470","title":{"rendered":"NPZ 2026"},"content":{"rendered":"<div class=\"page-restrict-output\"><h3>Nacionalno preverjanje znanja (NPZ)<\/h3>\n<p>Ob koncu prvega, drugega in tretjega obdobja se znanje u\u010dencev preverja z nacionalnimi preizkusi znanja (NPZ), s katerimi se preverjajo standardi znanja, dolo\u010deni z u\u010dnim na\u010drtom.<\/p>\n<p>Nacionalno preverjanje znanja je <strong>za u\u010dence 3., 6. in 9. razreda osnovne \u0161ole obvezno<\/strong>, ravno tako <strong>za u\u010dence 6. in 9. razreda, ki obiskujejo prilagojeni program osnovne \u0161ole z ni\u017ejim izobrazbenim standardom. Izjema so<\/strong>\u00a0<strong>priseljenci<\/strong> iz drugih dr\u017eav, ki obiskujejo 3. ali 6. razred in so prvo ali drugo leto \u0161olanja v Republiki Sloveniji. Te opravljajo NPZ-je prostovoljno.<\/p>\n<p>V 3. razredu se preverja znanje u\u010dencev iz slovenskega jezika in matematike.<\/p>\n<p>Ob koncu 6. razreda se preverja znanje u\u010dencev iz slovenskega jezika, matematike in tujega jezika &#8211; angle\u0161\u010dine.<\/p>\n<p>Ob 9. razreda se preverja znanje iz slovenskega jezika, matematike in tretjega obveznega predmeta.<\/p>\n<p>Izbrani tretji predmet, iz katerega bodo u\u010denci 9. r na\u0161e \u0161ole opravljali nacionalno preverjanje znanja v l. 2025\/2026, je <strong>ZGODOVINA oz. DRU\u017dBOSLOVJE (9. NIS).<\/strong><\/p>\n<p>Publikacija \u00bb<strong>Informacije za u\u010dence in star\u0161e<\/strong>\u00ab je v elektronski obliki. Publikacija je namenjena u\u010dencem 3., 6. in 9. razreda ter njihovim star\u0161em in je dostopna na spletni strani Dr\u017eavnega izpitnega centra <a href=\"https:\/\/www.ric.si\/nacionalno-preverjanje-znanja\/splosne-informacije\/\"><em>eRic<\/em><\/a>.<\/p>\n<p>Datumi opravljanja NPZ za \u0161olsko leto 2025\/2026:<\/p>\n<table width=\"90%\" align=\"center\">\n<tbody>\n<tr>\n<td width=\"281\">PONEDELJEK, 23. 3. 2026<\/td>\n<td width=\"231\">SLOVEN\u0160\u010cINA<\/td>\n<td width=\"256\">3., 6. in 9. razred<\/td>\n<\/tr>\n<tr>\n<td width=\"281\">SREDA, 25. 3. 2026<\/td>\n<td width=\"231\">ANGLE\u0160\u010cINA<\/td>\n<td width=\"256\">6. razred<\/td>\n<\/tr>\n<tr>\n<td width=\"281\">SREDA, 25. 3. 2026<\/td>\n<td width=\"231\">ZGODOVINA oz. DRU\u017dBOSLOVJE (NIS)<\/td>\n<td width=\"256\">9. razred<\/td>\n<\/tr>\n<tr>\n<td width=\"281\">TOREK, 31. 3. 2026<\/td>\n<td width=\"231\">MATEMATIKA<\/td>\n<td width=\"256\">3., 6. in 9. razred<\/td>\n<\/tr>\n<\/tbody>\n<\/table>\n<p><strong>SEZNANITEV Z DOSE\u017dKI pri NPZ-ju<\/strong><\/p>\n<p>21. 4. 2026: Seznanitev z dose\u017eki pri NPZ-ju v 9. razredu<\/p>\n<p>4. 5. 2026: Seznanitev z dose\u017eki pri NPZ-ju v 6. razredu<\/p>\n<p>7. 5. 2026: Seznanitev z dose\u017eki pri NPZ-ju v 3. razredu<\/p>\n<p>Ve\u010d informacij dobite v <a href=\"https:\/\/www.ric.si\/nacionalno-preverjanje-znanja\/koledar-npz\/\">KOLEDARJU.<\/a><\/p>\n<\/div>","protected":false},"excerpt":{"rendered":"<div class=\"page-restrict-output\"><p>Nacionalno preverjanje znanja (NPZ) Ob koncu prvega, drugega in tretjega obdobja se znanje u\u010dencev preverja z nacionalnimi preizkusi znanja (NPZ), s katerimi se preverjajo standardi znanja, dolo\u010deni z u\u010dnim na\u010drtom. Nacionalno preverjanje znanja je za u\u010dence 3., 6. in 9. razreda osnovne \u0161ole obvezno, ravno tako za u\u010dence 6. in 9. razreda, ki obiskujejo prilagojeni program osnovne \u0161ole z ni\u017ejim [&#8230;]<\/p>\n<\/div>","protected":false},"author":1,"featured_media":14250,"parent":0,"menu_order":0,"comment_status":"closed","ping_status":"closed","template":"","meta":{"ngg_post_thumbnail":0,"_themeisle_gutenberg_block_has_review":false,"footnotes":""},"class_list":["post-2470","page","type-page","status-publish","has-post-thumbnail","hentry"],"featured_image_src":"https:\/\/www.os-sticna.si\/wp-content\/uploads\/2011\/03\/npz-feautured.jpg","featured_image_src_square":"https:\/\/www.os-sticna.si\/wp-content\/uploads\/2011\/03\/npz-feautured.jpg","_links":{"self":[{"href":"https:\/\/www.os-sticna.si\/index.php?rest_route=\/wp\/v2\/pages\/2470","targetHints":{"allow":["GET"]}}],"collection":[{"href":"https:\/\/www.os-sticna.si\/index.php?rest_route=\/wp\/v2\/pages"}],"about":[{"href":"https:\/\/www.os-sticna.si\/index.php?rest_route=\/wp\/v2\/types\/page"}],"author":[{"embeddable":true,"href":"https:\/\/www.os-sticna.si\/index.php?rest_route=\/wp\/v2\/users\/1"}],"replies":[{"embeddable":true,"href":"https:\/\/www.os-sticna.si\/index.php?rest_route=%2Fwp%2Fv2%2Fcomments&post=2470"}],"version-history":[{"count":5,"href":"https:\/\/www.os-sticna.si\/index.php?rest_route=\/wp\/v2\/pages\/2470\/revisions"}],"predecessor-version":[{"id":33011,"href":"https:\/\/www.os-sticna.si\/index.php?rest_route=\/wp\/v2\/pages\/2470\/revisions\/33011"}],"wp:featuredmedia":[{"embeddable":true,"href":"https:\/\/www.os-sticna.si\/index.php?rest_route=\/wp\/v2\/media\/14250"}],"wp:attachment":[{"href":"https:\/\/www.os-sticna.si\/index.php?rest_route=%2Fwp%2Fv2%2Fmedia&parent=2470"}],"curies":[{"name":"wp","href":"https:\/\/api.w.org\/{rel}","templated":true}]}}