{"id":24018,"date":"2020-09-10T07:56:06","date_gmt":"2020-09-10T06:56:06","guid":{"rendered":"http:\/\/www.os-sticna.si\/?page_id=24018"},"modified":"2024-11-26T14:26:35","modified_gmt":"2024-11-26T13:26:35","slug":"elektronski-naslovi-strokovnih-delavcev","status":"publish","type":"page","link":"https:\/\/www.os-sticna.si\/?page_id=24018","title":{"rendered":"Elektronski naslovi strokovnih delavcev"},"content":{"rendered":"<div class=\"page-restrict-output\"><span class=\"su-highlight\" style=\"background:#ddff99;color:#000000\">&nbsp;&nbsp;Pri po\u0161iljanju elektronskih sporo\u010dil niz znakov <strong>[at]<\/strong> zamenjajte z <strong>@<\/strong>&nbsp;<\/span>\n<p>&nbsp;<\/p>\n<table border=\"1\" width=\"100%\" cellspacing=\"0\" cellpadding=\"0\">\n<tbody>\n<tr class=\"b1\">\n<td class=\"s1\"><strong>ime<\/strong><\/td>\n<td class=\"s2\"><strong>priimek<\/strong><\/td>\n<td class=\"s3\"><strong>elektronski naslov<\/strong><\/td>\n<\/tr>\n<tr>\n<td class=\"s1\">GREGOR&nbsp;<\/td>\n<td class=\"s2\">ARKO<\/td>\n<td class=\"s3\">gregor.arko[at]os-sticna.si<\/td>\n<\/tr>\n<tr>\n<td class=\"s1\">SARA;<\/td>\n<td class=\"s2\">BAR\u010cI\u0106<\/td>\n<td class=\"s3\">sara.barcic[at]os-sticna.si<\/td>\n<\/tr>\n<tr>\n<td class=\"s1\">SIMONCA&nbsp;<\/td>\n<td class=\"s2\">BARLE-KRESE<\/td>\n<td class=\"s3\">simonca.barle-krese[at]os-sticna.si<\/td>\n<\/tr>\n<tr>\n<td class=\"s1\">MAJA&nbsp;<\/td>\n<td class=\"s2\">BER\u010cON<\/td>\n<td class=\"s3\">maja.bercon[at]os-sticna.si<\/td>\n<\/tr>\n<tr>\n<td class=\"s1\">INGRID&nbsp;<\/td>\n<td class=\"s2\">BOLJKA \u0160TAUDOHAR<\/td>\n<td class=\"s3\">ingrid.boljka-staudohar[at]os-sticna.si<\/td>\n<\/tr>\n<tr>\n<td class=\"s1\">SHAM&nbsp;<\/td>\n<td class=\"s2\">BRATKOVI\u010c<\/td>\n<td class=\"s3\">sham.bratkovic[at]os-sticna.si<\/td>\n<\/tr>\n<tr>\n<td class=\"s1\">ANJA&nbsp;<\/td>\n<td class=\"s2\">BREGAR<\/td>\n<td class=\"s3\">anja.bregar[at]os-sticna.si<\/td>\n<\/tr>\n<tr>\n<td class=\"s1\">DARJA&nbsp;<\/td>\n<td class=\"s2\">BREGAR<\/td>\n<td class=\"s3\">darja.bregar[at]os-sticna.si<\/td>\n<\/tr>\n<tr>\n<td class=\"s1\">TINA&nbsp;<\/td>\n<td class=\"s2\">CVAR TOMA\u017dIN<\/td>\n<td class=\"s3\">tina.cvar-tomazin[at]os-sticna.si<\/td>\n<\/tr>\n<tr>\n<td class=\"s1\">TANJA&nbsp;<\/td>\n<td class=\"s2\">\u010cRNIVEC<\/td>\n<td class=\"s3\">tanja.crnivec[at]os-sticna.si<\/td>\n<\/tr>\n<tr>\n<td class=\"s1\">\u0160PELA&nbsp;<\/td>\n<td class=\"s2\">DRAGAN<\/td>\n<td class=\"s3\">spela.dragan[at]os-sticna.si<\/td>\n<\/tr>\n<tr>\n<td class=\"s1\">JANA&nbsp;<\/td>\n<td class=\"s2\">ERJAVEC<\/td>\n<td class=\"s3\">jana.erjavec[at]os-sticna.si<\/td>\n<\/tr>\n<tr>\n<td class=\"s1\">TINA&nbsp;<\/td>\n<td class=\"s2\">FINC<\/td>\n<td class=\"s3\">tina.finc1[at]os-sticna.si<\/td>\n<\/tr>\n<tr>\n<td class=\"s1\">MATEJA&nbsp;<\/td>\n<td class=\"s2\">FINK<\/td>\n<td class=\"s3\">mateja.fink[at]os-sticna.si<\/td>\n<\/tr>\n<tr>\n<td class=\"s1\">NATALIJA&nbsp;<\/td>\n<td class=\"s2\">GABRIJEL<\/td>\n<td class=\"s3\">natalija.gabrijel[at]os-sticna.si<\/td>\n<\/tr>\n<tr>\n<td class=\"s1\">JASMINA&nbsp;<\/td>\n<td class=\"s2\">GLAVI\u010c<\/td>\n<td class=\"s3\">jasmina.glavic[at]os-sticna.si<\/td>\n<\/tr>\n<tr>\n<td class=\"s1\">LUKA&nbsp;<\/td>\n<td class=\"s2\">GLUVI\u0106<\/td>\n<td class=\"s3\">luka.gluvic[at]os-sticna.si<\/td>\n<\/tr>\n<tr>\n<td class=\"s1\">\u017dANA<\/td>\n<td class=\"s2\">GNEZDA REPI\u010c<\/td>\n<td class=\"s3\">zana.gnezda-repic[at]os-sticna.si<\/td>\n<\/tr>\n<tr>\n<td class=\"s1\">AN\u017dE<\/td>\n<td class=\"s2\">GRABELJ\u0160EK<\/td>\n<td class=\"s3\">anze.grabeljsek[at]os-sticna.si<\/td>\n<\/tr>\n<tr>\n<td class=\"s1\">PATRICIJA&nbsp;<\/td>\n<td class=\"s2\">GRUDEN<\/td>\n<td class=\"s3\">patricija.gruden[at]os-sticna.si<\/td>\n<\/tr>\n<tr>\n<td class=\"s1\">MARIJANA&nbsp;<\/td>\n<td class=\"s2\">GLU\u0160I\u010c<\/td>\n<td class=\"s3\">marijana.glusic[at]os-sticna.si<\/td>\n<\/tr>\n<tr>\n<td class=\"s1\">JANJA<\/td>\n<td class=\"s2\">GRUM DU\u0160A<\/td>\n<td class=\"s3\">janja.grum-dusa[at]os-sticna.si<\/td>\n<\/tr>\n<tr>\n<td class=\"s1\">ANJA&nbsp;<\/td>\n<td class=\"s2\">HALILOVI\u0106<\/td>\n<td class=\"s3\">anja.halilovic[at]os-sticna.si<\/td>\n<\/tr>\n<tr>\n<td class=\"s1\">ANA&nbsp;<\/td>\n<td class=\"s2\">HOTUJEC<\/td>\n<td class=\"s3\">ana.hotujec[at]os-sticna.si<\/td>\n<\/tr>\n<tr>\n<td class=\"s1\">TANJA&nbsp;<\/td>\n<td class=\"s2\">HRIBAR<\/td>\n<td class=\"s3\">tanja.hribar[at]os-sticna.si<\/td>\n<\/tr>\n<tr>\n<td class=\"s1\">VIKTORIJA&nbsp;<\/td>\n<td class=\"s2\">HRIBOV\u0160EK<\/td>\n<td class=\"s3\">viktorija.hribovsek[at]os-sticna.si<\/td>\n<\/tr>\n<tr>\n<td class=\"s1\">MOJCA&nbsp;<\/td>\n<td class=\"s2\">HRVATIN<\/td>\n<td class=\"s3\">mojca.hrvatin[at]os-sticna.si<\/td>\n<\/tr>\n<tr>\n<td class=\"s1\">MATEJKA&nbsp;<\/td>\n<td class=\"s2\">HUMAR<\/td>\n<td class=\"s3\">matejka.humar[at]os-sticna.si<\/td>\n<\/tr>\n<tr>\n<td class=\"s1\">JERNEJ<\/td>\n<td class=\"s2\">JEMEC<\/td>\n<td class=\"s3\">jernej.jemec[at]os-sticna.si<\/td>\n<\/tr>\n<tr>\n<td class=\"s1\">SANDRA&nbsp;<\/td>\n<td class=\"s2\">JERI\u010c<\/td>\n<td class=\"s3\">sandra.jeric[at]os-sticna.si<\/td>\n<\/tr>\n<tr>\n<td class=\"s1\">SARA&nbsp;<\/td>\n<td class=\"s2\">CESAR<\/td>\n<td class=\"s3\">sara.cesar[at]os-sticna.si<\/td>\n<\/tr>\n<tr>\n<td class=\"s1\">KATJA<\/td>\n<td class=\"s2\">JEROV\u0160EK<\/td>\n<td class=\"s3\">katja.jerovsekr[at]os-sticna.si<\/td>\n<\/tr>\n<tr>\n<td class=\"s1\">MAJA&nbsp;<\/td>\n<td class=\"s2\">JURHAR-TAV\u010cAR<\/td>\n<td class=\"s3\">maja.tavcar[at]os-sticna.si<\/td>\n<\/tr>\n<tr>\n<td class=\"s1\">SANITA&nbsp;<\/td>\n<td class=\"s2\">JU\u0160I\u0106<\/td>\n<td class=\"s3\">sanita.jusic[at]os-sticna.si<\/td>\n<\/tr>\n<tr>\n<td class=\"s1\">ANA&nbsp;<\/td>\n<td class=\"s2\">KADUNC<\/td>\n<td class=\"s3\">ana.kadunc[at]os-sticna.si<\/td>\n<\/tr>\n<tr>\n<td class=\"s1\">ELIZABETA&nbsp;<\/td>\n<td class=\"s2\">KADUNC KRI\u017dAJ<\/td>\n<td class=\"s3\">elizabeta.kadunc-krizaj[at]os-sticna.si<\/td>\n<\/tr>\n<tr>\n<td class=\"s1\">HELENA&nbsp;<\/td>\n<td class=\"s2\">KASTELIC<\/td>\n<td class=\"s3\">helena.kastelic[at]os-sticna.si<\/td>\n<\/tr>\n<tr>\n<td class=\"s1\">ANKA&nbsp;<\/td>\n<td class=\"s2\">KAV\u010cI\u010c<\/td>\n<td class=\"s3\">anka.kavcic[at]os-sticna.si<\/td>\n<\/tr>\n<tr>\n<td class=\"s1\">KATJA&nbsp;<\/td>\n<td class=\"s2\">KEK POTOKAR<\/td>\n<td class=\"s3\">katja.kek-potokar[at]os-sticna.si<\/td>\n<\/tr>\n<tr>\n<td class=\"s1\">JAKA&nbsp;<\/td>\n<td class=\"s2\">KE\u0160E<\/td>\n<td class=\"s3\">jaka.kese[at]os-sticna.si<\/td>\n<\/tr>\n<tr>\n<td class=\"s1\">KRISTIJAN&nbsp;<\/td>\n<td class=\"s2\">KISELJAK<\/td>\n<td class=\"s3\">kristijan.kiseljak[at]os-sticna.si<\/td>\n<\/tr>\n<tr>\n<td class=\"s1\">GA\u0160PER&nbsp;<\/td>\n<td class=\"s2\">KLEMEN\u010cI\u010c<\/td>\n<td class=\"s3\">gasper.klemencic[at]os-sticna.si<\/td>\n<\/tr>\n<tr>\n<td class=\"s1\">SUZANA&nbsp;<\/td>\n<td class=\"s2\">KLOP\u010cI\u010c<\/td>\n<td class=\"s3\">suzana.klopcic[at]os-sticna.si<\/td>\n<\/tr>\n<tr>\n<td class=\"s1\">PETRA&nbsp;<\/td>\n<td class=\"s2\">KMET<\/td>\n<td class=\"s3\">petra.kmet[at]os-sticna.si<\/td>\n<\/tr>\n<tr>\n<td class=\"s1\">ROBERT<\/td>\n<td class=\"s2\">KOHEK<\/td>\n<td class=\"s3\">robert.kohek[at]os-sticna.si<\/td>\n<\/tr>\n<tr>\n<td class=\"s1\">SUZANA<\/td>\n<td class=\"s2\">KOL\u0160EK<\/td>\n<td class=\"s3\">suzana.kolsek[at]os-sticna.si<\/td>\n<\/tr>\n<tr>\n<td class=\"s1\">PATRICIJA&nbsp;MANJA<\/td>\n<td class=\"s2\">KO\u0160\u010cAK<\/td>\n<td class=\"s3\">patricija-manja.koscak[at]os-sticna.si<\/td>\n<\/tr>\n<tr>\n<td class=\"s1\">MAJA&nbsp;<\/td>\n<td class=\"s2\">KOPAR<\/td>\n<td class=\"s3\">maja.kopar[at]os-sticna.si<\/td>\n<\/tr>\n<tr>\n<td class=\"s1\">DARJA&nbsp;<\/td>\n<td class=\"s2\">KOTAR<\/td>\n<td class=\"s3\">darja.kotar[at]os-sticna.si<\/td>\n<\/tr>\n<tr>\n<td class=\"s1\">ALENKA&nbsp;<\/td>\n<td class=\"s2\">KOVA\u010c<\/td>\n<td class=\"s3\">alenka.kovac[at]os-sticna.si<\/td>\n<\/tr>\n<tr>\n<td class=\"s1\">VESNA&nbsp;<\/td>\n<td class=\"s2\">KOVA\u010c<\/td>\n<td class=\"s3\">vesna.kovac[at]os-sticna.si<\/td>\n<\/tr>\n<tr>\n<td class=\"s1\">MARJAN&nbsp;<\/td>\n<td class=\"s2\">KRALJ<\/td>\n<td class=\"s3\">marjan.kralj[at]os-sticna.si<\/td>\n<\/tr>\n<tr>\n<td class=\"s1\">BOJANCA&nbsp;<\/td>\n<td class=\"s2\">KRI\u017dMAN<\/td>\n<td class=\"s3\">bojanca.krizman[at]os-sticna.si<\/td>\n<\/tr>\n<tr>\n<td class=\"s1\">HELENA<\/td>\n<td class=\"s2\">KRAMAR SKUBIC<\/td>\n<td class=\"s3\">helena.kramar-skubic[at]os-sticna.sii<\/td>\n<\/tr>\n<tr>\n<td class=\"s1\">PETRA&nbsp;<\/td>\n<td class=\"s2\">KRMELJ<\/td>\n<td class=\"s3\">petra.krmelj[at]os-sticna.si<\/td>\n<\/tr>\n<tr>\n<td class=\"s1\">IRIS&nbsp;<\/td>\n<td class=\"s2\">KUKANJA<\/td>\n<td class=\"s3\">iris.kukanja[at]os-sticna.si<\/td>\n<\/tr>\n<tr>\n<td class=\"s1\">BERNARDA&nbsp;<\/td>\n<td class=\"s2\">KUNSTELJ LEPOJI\u0106<\/td>\n<td class=\"s3\">bernarda.kunstelj-lepojic[at]os-sticna.si<\/td>\n<\/tr>\n<tr>\n<td class=\"s1\">ANDREJA&nbsp;<\/td>\n<td class=\"s2\">LAPANJA<\/td>\n<td class=\"s3\">andreja.lapanja[at]os-sticna.si<\/td>\n<\/tr>\n<tr>\n<td class=\"s1\">BRANKA&nbsp;<\/td>\n<td class=\"s2\">LAVTAR<\/td>\n<td class=\"s3\">branka.lavtar[at]os-sticna.si<\/td>\n<\/tr>\n<tr>\n<td class=\"s1\">NINA&nbsp;<\/td>\n<td class=\"s2\">MAJHENI\u010c<\/td>\n<td class=\"s3\">nina.majhenic[at]os-sticna.si<\/td>\n<\/tr>\n<tr>\n<td class=\"s1\">MOJCA&nbsp;<\/td>\n<td class=\"s2\">MALOVRH<\/td>\n<td class=\"s3\">mojca.malovrh[at]os-sticna.si<\/td>\n<\/tr>\n<tr>\n<td class=\"s1\">MA\u0160A&nbsp;<\/td>\n<td class=\"s2\">MARAS<\/td>\n<td class=\"s3\">masa.maras[at]os-sticna.si<\/td>\n<\/tr>\n<tr>\n<td class=\"s1\">ANJA&nbsp;<\/td>\n<td class=\"s2\">MEHLE<\/td>\n<td class=\"s3\">anja.mehle[at]os-sticna.si<\/td>\n<\/tr>\n<tr>\n<td class=\"s1\">LUCIJA&nbsp;<\/td>\n<td class=\"s2\">MEDIMUREC<\/td>\n<td class=\"s3\">lucija.medimurec[at]os-sticna.si<\/td>\n<\/tr>\n<tr>\n<td class=\"s1\">EVA<\/td>\n<td class=\"s2\">MELAVC<\/td>\n<td class=\"s3\">eva.melavc[at]os-sticna.si<\/td>\n<\/tr>\n<tr>\n<td class=\"s1\">KATARINA&nbsp;<\/td>\n<td class=\"s2\">MIHEL\u010cI\u010c<\/td>\n<td class=\"s3\">katarina.mihelcic[at]os-sticna.si<\/td>\n<\/tr>\n<tr>\n<td class=\"s1\">ANITA<\/td>\n<td class=\"s2\">MIKLJI\u010c<\/td>\n<td class=\"s3\">anita.mikljic[at]os-sticna.si<\/td>\n<\/tr>\n<tr>\n<td class=\"s1\">TADEJA&nbsp;<\/td>\n<td class=\"s2\">MI\u0160MA\u0160<\/td>\n<td class=\"s3\">tadeja.mismas[at]os-sticna.si<\/td>\n<\/tr>\n<tr>\n<td class=\"s1\">SUZANA&nbsp;<\/td>\n<td class=\"s2\">MO\u010cNIK<\/td>\n<td class=\"s3\">suzana.mocnik[at]os-sticna.si<\/td>\n<\/tr>\n<tr>\n<td class=\"s1\">BOJANA&nbsp;<\/td>\n<td class=\"s2\">MULH<\/td>\n<td class=\"s3\">bojana.mulh[at]os-sticna.si<\/td>\n<\/tr>\n<tr>\n<td class=\"s1\">MATEJA&nbsp;<\/td>\n<td class=\"s2\">NOGRA\u0160EK<\/td>\n<td class=\"s3\">mateja.nograsek[at]os-sticna.si<\/td>\n<\/tr>\n<tr>\n<td class=\"s1\">KRISTINA&nbsp;<\/td>\n<td class=\"s2\">NOVAK<\/td>\n<td class=\"s3\">kristina.novak[at]os-sticna.si<\/td>\n<\/tr>\n<tr>\n<td class=\"s1\">SIMONA&nbsp;<\/td>\n<td class=\"s2\">OBLAK<\/td>\n<td class=\"s3\">simona.oblak[at]os-sticna.si<\/td>\n<\/tr>\n<tr>\n<td class=\"s1\">ZDENKA&nbsp;<\/td>\n<td class=\"s2\">OGRAJ\u0160EK<\/td>\n<td class=\"s3\">zdenka.ograjsek[at]os-sticna.si<\/td>\n<\/tr>\n<tr>\n<td class=\"s1\">POLONA<\/td>\n<td class=\"s2\">PAJK<\/td>\n<td class=\"s3\">polona.pajk[at]os-sticna.si<\/td>\n<\/tr>\n<tr>\n<td class=\"s1\">UR\u0160KA&nbsp;<\/td>\n<td class=\"s2\">PETEK<\/td>\n<td class=\"s3\">urska.petek[at]os-sticna.si<\/td>\n<\/tr>\n<tr>\n<td class=\"s1\">BARBARA&nbsp;<\/td>\n<td class=\"s2\">POLAJ\u017dER<\/td>\n<td class=\"s3\">barbara.polajzer[at]os-sticna.si<\/td>\n<\/tr>\n<tr>\n<td class=\"s1\">ALEKSANDER&nbsp;<\/td>\n<td class=\"s2\">POLAK<\/td>\n<td class=\"s3\">aleksander.polak[at]os-sticna.si<\/td>\n<\/tr>\n<tr>\n<td class=\"s1\">TILEN&nbsp;<\/td>\n<td class=\"s2\">POLANC<\/td>\n<td class=\"s3\">tilen.polanc[at]os-sticna.si<\/td>\n<\/tr>\n<tr>\n<td class=\"s1\">NEJC&nbsp;<\/td>\n<td class=\"s2\">PRIMC<\/td>\n<td class=\"s3\">nejc.primc[at]os-sticna.si<\/td>\n<\/tr>\n<tr>\n<td class=\"s1\">MIHAEL<\/td>\n<td class=\"s2\">POTO\u010cAR<\/td>\n<td class=\"s3\">mihael.potocar[at]os-sticna.si<\/td>\n<\/tr>\n<tr>\n<td class=\"s1\">MARJAN&nbsp;<\/td>\n<td class=\"s2\">POTOKAR<\/td>\n<td class=\"s3\">marjan.potokar[at]os-sticna.si<\/td>\n<\/tr>\n<tr>\n<td class=\"s1\">UR\u0160KA&nbsp;<\/td>\n<td class=\"s2\">PRAZNIK RISTI\u0106<\/td>\n<td class=\"s3\">urska.praznik-ristic[at]os-sticna.si<\/td>\n<\/tr>\n<tr>\n<td class=\"s1\">ALENKA&nbsp;<\/td>\n<td class=\"s2\">PU\u0160<\/td>\n<td class=\"s3\">alenka.pus[at]os-sticna.si<\/td>\n<\/tr>\n<tr>\n<td class=\"s1\">IGOR&nbsp;<\/td>\n<td class=\"s2\">RAJNER<\/td>\n<td class=\"s3\">igor.rajner[at]os-sticna.si<\/td>\n<\/tr>\n<tr>\n<td class=\"s1\">MAJA&nbsp;<\/td>\n<td class=\"s2\">RAZPOTNIK<\/td>\n<td class=\"s3\">maja.razpotnik[at]os-sticna.si<\/td>\n<\/tr>\n<tr>\n<td class=\"s1\">BOJANA&nbsp;<\/td>\n<td class=\"s2\">RESMAN<\/td>\n<td class=\"s3\">bojana.resman[at]os-sticna.si<\/td>\n<\/tr>\n<tr>\n<td class=\"s1\">KRISTIJAN&nbsp;<\/td>\n<td class=\"s2\">RE\u0160ETI\u010c<\/td>\n<td class=\"s3\">kristijan.resetic[at]os-sticna.si<\/td>\n<\/tr>\n<tr>\n<td class=\"s1\">ANDREJA&nbsp;<\/td>\n<td class=\"s2\">ROBEK PERPAR<\/td>\n<td class=\"s3\">andreja.robek-perpar[at]os-sticna.si<\/td>\n<\/tr>\n<tr>\n<td class=\"s1\">TANJA&nbsp;<\/td>\n<td class=\"s2\">RUS<\/td>\n<td class=\"s3\">tanja.rus[at]os-sticna.si<\/td>\n<\/tr>\n<tr>\n<td class=\"s1\">PETRA&nbsp;<\/td>\n<td class=\"s2\">RUS MU\u0160I\u010c<\/td>\n<td class=\"s3\">petra.rus-music[at]os-sticna.si<\/td>\n<\/tr>\n<tr>\n<td class=\"s1\">JASMINA&nbsp;<\/td>\n<td class=\"s2\">SAJKO<\/td>\n<td class=\"s3\">jasmina.sajko[at]os-sticna.si<\/td>\n<\/tr>\n<tr>\n<td class=\"s1\">ROMAN&nbsp;<\/td>\n<td class=\"s2\">SARJA\u0160<\/td>\n<td class=\"s3\">roman.sarjas[at]os-sticna.si<\/td>\n<\/tr>\n<tr>\n<td class=\"s1\">JASMINA&nbsp;<\/td>\n<td class=\"s2\">SELKO<\/td>\n<td class=\"s3\">jasmina.selko[at]os-sticna.si<\/td>\n<\/tr>\n<tr>\n<td class=\"s1\">MAJA&nbsp;<\/td>\n<td class=\"s2\">SEVER<\/td>\n<td class=\"s3\">maja.sever[at]os-sticna.si<\/td>\n<\/tr>\n<tr>\n<td class=\"s1\">PRIMO\u017d&nbsp;<\/td>\n<td class=\"s2\">SLABE<\/td>\n<td class=\"s3\">primoz.slabe[at]os-sticna.si<\/td>\n<\/tr>\n<tr>\n<td class=\"s1\">TINA&nbsp;<\/td>\n<td class=\"s2\">SMOLEJ<\/td>\n<td class=\"s3\">tina.smolej[at]os-sticna.si<\/td>\n<\/tr>\n<tr>\n<td class=\"s1\">KATJA&nbsp;<\/td>\n<td class=\"s2\">SREDI\u010c RUS<\/td>\n<td class=\"s3\">katja.sredic-rus[at]os-sticna.si<\/td>\n<\/tr>\n<tr>\n<td class=\"s1\">SIMON&nbsp;<\/td>\n<td class=\"s2\">STOPAR<\/td>\n<td class=\"s3\">simon.stopar[at]os-sticna.si<\/td>\n<\/tr>\n<tr>\n<td class=\"s1\">STA\u0160A<\/td>\n<td class=\"s2\">STRE\u017dEK<\/td>\n<td class=\"s3\">stasa.strezek[at]os-sticna.si<\/td>\n<\/tr>\n<tr>\n<td class=\"s1\">BRANKA&nbsp;<\/td>\n<td class=\"s2\">STRNAD<\/td>\n<td class=\"s3\">branka.strnad[at]os-sticna.si<\/td>\n<\/tr>\n<tr>\n<td class=\"s1\">TANJA&nbsp;<\/td>\n<td class=\"s2\">\u0160EPEC<\/td>\n<td class=\"s3\">tanja.sepec[at]os-sticna.si<\/td>\n<\/tr>\n<tr>\n<td class=\"s1\">ANA&nbsp;<\/td>\n<td class=\"s2\">\u0160IMAC<\/td>\n<td class=\"s3\">ana.simac[at]os-sticna.si<\/td>\n<\/tr>\n<tr>\n<td class=\"s1\">MANCA&nbsp;<\/td>\n<td class=\"s2\">\u0160O\u0160TARI\u010c<\/td>\n<td class=\"s3\">manca.sostaric1[at]os-sticna.si<\/td>\n<\/tr>\n<tr>\n<td class=\"s1\">ALEKSANDRA&nbsp;<\/td>\n<td class=\"s2\">\u0160PARL<\/td>\n<td class=\"s3\">aleksandra.sparl[at]os-sticna.si<\/td>\n<\/tr>\n<tr>\n<td class=\"s1\">URO\u0160<\/td>\n<td class=\"s2\">\u0160PARL<\/td>\n<td class=\"s3\">uros.sparl[at]os-sticna.si<\/td>\n<\/tr>\n<tr>\n<td class=\"s1\">TINA&nbsp;<\/td>\n<td class=\"s2\">\u0160TUPAR<\/td>\n<td class=\"s3\">tina.stupar[at]os-sticna.si<\/td>\n<\/tr>\n<tr>\n<td class=\"s1\">ANKA&nbsp;<\/td>\n<td class=\"s2\">\u0160VIGELJ KO\u017dELJ<\/td>\n<td class=\"s3\">anka.svigelj-kozelj[at]os-sticna.si<\/td>\n<\/tr>\n<tr>\n<td class=\"s1\">KATJA<\/td>\n<td class=\"s2\">\u0160U\u0160TAR\u0160I\u010c<\/td>\n<td class=\"s3\">katja.sustarsic[at]os-sticna.si<\/td>\n<\/tr>\n<tr>\n<td class=\"s1\">JASMINA&nbsp;<\/td>\n<td class=\"s2\">TEKAV\u010cI\u010c<\/td>\n<td class=\"s3\">jasmina.tekavcic[at]os-sticna.si<\/td>\n<\/tr>\n<tr>\n<td class=\"s1\">KATJA&nbsp;<\/td>\n<td class=\"s2\">TOMA\u017dIN<\/td>\n<td class=\"s3\">katja.tomazin[at]os-sticna.si<\/td>\n<\/tr>\n<tr>\n<td class=\"s1\">KATJA&nbsp;<\/td>\n<td class=\"s2\">TOMA\u017dIN\u010cI\u010c<\/td>\n<td class=\"s3\">katja.tomazincic[at]os-sticna.si<\/td>\n<\/tr>\n<tr>\n<td class=\"s1\">SA\u0160A&nbsp;<\/td>\n<td class=\"s2\">TRONTELJ<\/td>\n<td class=\"s3\">sasa.trontelj[at]os-sticna.si<\/td>\n<\/tr>\n<tr>\n<td class=\"s1\">MATEJA&nbsp;<\/td>\n<td class=\"s2\">TRTNIK<\/td>\n<td class=\"s3\">mateja.trtnik[at]os-sticna.si<\/td>\n<\/tr>\n<tr>\n<td class=\"s1\">JANJA&nbsp;<\/td>\n<td class=\"s2\">VIRANT<\/td>\n<td class=\"s3\">janja.virant[at]os-sticna.si<\/td>\n<\/tr>\n<tr>\n<td class=\"s1\">MARTINA&nbsp;<\/td>\n<td class=\"s2\">VIRANT<\/td>\n<td class=\"s3\">martina.virant[at]os-sticna.si<\/td>\n<\/tr>\n<tr>\n<td class=\"s1\">JASMINA<\/td>\n<td class=\"s2\">VODENIK<\/td>\n<td class=\"s3\">jasmina.vodenik[at]os-sticna.si<\/td>\n<\/tr>\n<tr>\n<td class=\"s1\">PETRA<\/td>\n<td class=\"s2\">\u017dEROVNIK<\/td>\n<td class=\"s3\">petra.zerovnik[at]os-sticna.si<\/td>\n<\/tr>\n<\/tbody>\n<\/table>\n<\/div>","protected":false},"excerpt":{"rendered":"<div class=\"page-restrict-output\"><p>&nbsp; ime priimek elektronski naslov GREGOR&nbsp; ARKO gregor.arko[at]os-sticna.si SARA; BAR\u010cI\u0106 sara.barcic[at]os-sticna.si SIMONCA&nbsp; BARLE-KRESE simonca.barle-krese[at]os-sticna.si MAJA&nbsp; BER\u010cON maja.bercon[at]os-sticna.si INGRID&nbsp; BOLJKA \u0160TAUDOHAR ingrid.boljka-staudohar[at]os-sticna.si SHAM&nbsp; BRATKOVI\u010c sham.bratkovic[at]os-sticna.si ANJA&nbsp; BREGAR anja.bregar[at]os-sticna.si DARJA&nbsp; BREGAR darja.bregar[at]os-sticna.si TINA&nbsp; CVAR TOMA\u017dIN tina.cvar-tomazin[at]os-sticna.si TANJA&nbsp; \u010cRNIVEC tanja.crnivec[at]os-sticna.si \u0160PELA&nbsp; DRAGAN spela.dragan[at]os-sticna.si JANA&nbsp; ERJAVEC jana.erjavec[at]os-sticna.si TINA&nbsp; FINC tina.finc1[at]os-sticna.si MATEJA&nbsp; FINK mateja.fink[at]os-sticna.si NATALIJA&nbsp; GABRIJEL natalija.gabrijel[at]os-sticna.si JASMINA&nbsp; GLAVI\u010c jasmina.glavic[at]os-sticna.si LUKA&nbsp; GLUVI\u0106 luka.gluvic[at]os-sticna.si \u017dANA GNEZDA [&#8230;]<\/p>\n<\/div>","protected":false},"author":4,"featured_media":0,"parent":1699,"menu_order":0,"comment_status":"closed","ping_status":"closed","template":"","meta":{"ngg_post_thumbnail":0,"_themeisle_gutenberg_block_has_review":false,"footnotes":""},"class_list":["post-24018","page","type-page","status-publish","hentry"],"featured_image_src":null,"featured_image_src_square":null,"_links":{"self":[{"href":"https:\/\/www.os-sticna.si\/index.php?rest_route=\/wp\/v2\/pages\/24018","targetHints":{"allow":["GET"]}}],"collection":[{"href":"https:\/\/www.os-sticna.si\/index.php?rest_route=\/wp\/v2\/pages"}],"about":[{"href":"https:\/\/www.os-sticna.si\/index.php?rest_route=\/wp\/v2\/types\/page"}],"author":[{"embeddable":true,"href":"https:\/\/www.os-sticna.si\/index.php?rest_route=\/wp\/v2\/users\/4"}],"replies":[{"embeddable":true,"href":"https:\/\/www.os-sticna.si\/index.php?rest_route=%2Fwp%2Fv2%2Fcomments&post=24018"}],"version-history":[{"count":5,"href":"https:\/\/www.os-sticna.si\/index.php?rest_route=\/wp\/v2\/pages\/24018\/revisions"}],"predecessor-version":[{"id":31264,"href":"https:\/\/www.os-sticna.si\/index.php?rest_route=\/wp\/v2\/pages\/24018\/revisions\/31264"}],"up":[{"embeddable":true,"href":"https:\/\/www.os-sticna.si\/index.php?rest_route=\/wp\/v2\/pages\/1699"}],"wp:attachment":[{"href":"https:\/\/www.os-sticna.si\/index.php?rest_route=%2Fwp%2Fv2%2Fmedia&parent=24018"}],"curies":[{"name":"wp","href":"https:\/\/api.w.org\/{rel}","templated":true}]}}