{"id":2,"date":"2008-10-30T20:58:14","date_gmt":"2008-10-30T19:58:14","guid":{"rendered":"http:\/\/193.2.241.104\/?page_id=2"},"modified":"2025-11-14T20:44:12","modified_gmt":"2025-11-14T19:44:12","slug":"about","status":"publish","type":"page","link":"https:\/\/www.os-sticna.si\/?page_id=2","title":{"rendered":"Splo\u0161ne informacije"},"content":{"rendered":"<div class=\"page-restrict-output\"><h2>Osnovna \u0161ola Sti\u010dna<\/h2>\n<p style=\"padding-left: 60px;\">Cesta\u00a0ob\u010dine Hirschaid 1<br \/>\nIvan\u010dna Gorica<\/p>\n<h3 style=\"padding-left: 30px;\">Ravnatelj<\/h3>\n<p style=\"padding-left: 60px;\">Marjan Potokar, prof.<br \/>\nTelefon: 01 788 72 62<br \/>\n<a href=\"mailto:marjan.potokar@os-sticna.si\">E-Mail<\/a><\/p>\n<h3 style=\"padding-left: 30px;\">Tajni\u0161tvo<\/h3>\n<p style=\"padding-left: 60px;\">Sara Srebernjak<br \/>\nTelefon: 01 788 72 60<br \/>\nE-Mail: <a href=\"mailto:tajnistvo@os-sticna.si\">tajnistvo@os-sticna.si<\/a><\/p>\n<h3 style=\"padding-left: 30px;\">Zbornica<\/h3>\n<p style=\"padding-left: 60px;\">Telefon: 01 788 72 70<\/p>\n<h3 style=\"padding-left: 30px;\">Pomo\u010dniki ravnatelja<\/h3>\n<p style=\"padding-left: 60px;\">mag. Jasmina Selko, prof.<br \/>\nTelefon: 01 788 72 68<br \/>\n<a href=\"mailto:jasmina.selko@os-sticna.si\">E-Mail<\/a><\/p>\n<p style=\"padding-left: 60px;\">Alenka Kova\u010d, prof.<br \/>\nTelefon: 01 788 72 69<br \/>\n<a href=\"mailto:alenka.kovac@os-sticna.si\">E-Mail<\/a><\/p>\n<p style=\"padding-left: 60px;\">Jaka Ke\u0161e, prof.<br \/>\nTelefon: 01 788 72 73<br \/>\n<a href=\"mailto:jaka.kese@os-sticna.si\">E-Mail<\/a><\/p>\n<h3 style=\"padding-left: 30px;\">Svetovalna slu\u017eba<\/h3>\n<ul>\n<li>Bojana Kri\u017eman, prof. ped. in soc.<br \/>\nTelefon: 01 620 74 42<br \/>\n<a href=\"mailto:bojanca.krizman@os-sticna.si\">E-mail<\/a><\/li>\n<li>Anka Kav\u010di\u010d, uni. dipl. psih.<br \/>\nTelefon: 01 788 72 64<br \/>\n<a href=\"mailto:anka.kavcic@os-sticna.si\">E-mail<\/a><\/li>\n<li>Ana Jurgli\u010d,\u00a0 mag. psih.<br \/>\nTelefon: 01 788 72 72<br \/>\n<a href=\"mailto:tina.cvar-tomazin@os-sticna.si\">E-mail<\/a><\/li>\n<li>Mateja Fink, uni. dipl. psih.<br \/>\nTelefon: 01 788 44 41<br \/>\n<a href=\"mailto:mateja.fink@os-sticna.si\">E-mail<\/a><\/li>\n<\/ul>\n<p>&nbsp;<\/p>\n<h3 style=\"padding-left: 30px;\">Ra\u010dunovodstvo<\/h3>\n<ul>\n<li>Melita \u017dlajpah<\/li>\n<li>Andreja Erjavec<\/li>\n<li>Mateja Oven Kordi\u0161<\/li>\n<li>Katarina Gro\u0161elj Likovi\u010d<\/li>\n<\/ul>\n<ul>\n<li>Telefon: 01 788 72 66<\/li>\n<li>E-mail:<a href=\"mailto:racunovodstvo@os-sticna.si\">racunovodstvo@os-sticna.si<\/a><\/li>\n<\/ul>\n<h3 style=\"padding-left: 30px;\">Svet zavoda<\/h3>\n<p style=\"padding-left: 30px;\">\u010clani Sveta zavoda Osnovne \u0161ole Sti\u010dna za mandatno obdobje 7. 12. 2024 do 6. 12. 2028 so:<\/p>\n<ul>\n<li>Predstavniki ustanovitelja: Tone Mestnik, Marija Ko\u0161\u010dak, Jurij Omahen<\/li>\n<li>Predstavniki delavcev \u0161ole: Bojana Mulh, Ur\u0161ka Petek, Maja Razpotnik, Polona Pajk, Sara Srebernjak<\/li>\n<li>Predstavniki star\u0161ev: Primo\u017e \u0160untajs, Samo Matkovi\u010d, Dejan \u0160varc<\/li>\n<li>Predsednica sveta \u0161ole je Polona Pajk.<\/li>\n<\/ul>\n<p>&nbsp;<\/p>\n<p>&nbsp;<\/p>\n<\/div>","protected":false},"excerpt":{"rendered":"<div class=\"page-restrict-output\"><p>Osnovna \u0161ola Sti\u010dna Cesta\u00a0ob\u010dine Hirschaid 1 Ivan\u010dna Gorica Ravnatelj Marjan Potokar, prof. Telefon: 01 788 72 62 E-Mail Tajni\u0161tvo Sara Srebernjak Telefon: 01 788 72 60 E-Mail: tajnistvo@os-sticna.si Zbornica Telefon: 01 788 72 70 Pomo\u010dniki ravnatelja mag. Jasmina Selko, prof. Telefon: 01 788 72 68 E-Mail Alenka Kova\u010d, prof. Telefon: 01 788 72 69 E-Mail Jaka Ke\u0161e, prof. Telefon: 01 [&#8230;]<\/p>\n<\/div>","protected":false},"author":1,"featured_media":0,"parent":0,"menu_order":2,"comment_status":"closed","ping_status":"closed","template":"","meta":{"ngg_post_thumbnail":0,"_themeisle_gutenberg_block_has_review":false,"footnotes":""},"class_list":["post-2","page","type-page","status-publish","hentry"],"featured_image_src":null,"featured_image_src_square":null,"_links":{"self":[{"href":"https:\/\/www.os-sticna.si\/index.php?rest_route=\/wp\/v2\/pages\/2","targetHints":{"allow":["GET"]}}],"collection":[{"href":"https:\/\/www.os-sticna.si\/index.php?rest_route=\/wp\/v2\/pages"}],"about":[{"href":"https:\/\/www.os-sticna.si\/index.php?rest_route=\/wp\/v2\/types\/page"}],"author":[{"embeddable":true,"href":"https:\/\/www.os-sticna.si\/index.php?rest_route=\/wp\/v2\/users\/1"}],"replies":[{"embeddable":true,"href":"https:\/\/www.os-sticna.si\/index.php?rest_route=%2Fwp%2Fv2%2Fcomments&post=2"}],"version-history":[{"count":5,"href":"https:\/\/www.os-sticna.si\/index.php?rest_route=\/wp\/v2\/pages\/2\/revisions"}],"predecessor-version":[{"id":33346,"href":"https:\/\/www.os-sticna.si\/index.php?rest_route=\/wp\/v2\/pages\/2\/revisions\/33346"}],"wp:attachment":[{"href":"https:\/\/www.os-sticna.si\/index.php?rest_route=%2Fwp%2Fv2%2Fmedia&parent=2"}],"curies":[{"name":"wp","href":"https:\/\/api.w.org\/{rel}","templated":true}]}}