{"id":18674,"date":"2018-01-11T13:01:00","date_gmt":"2018-01-11T12:01:00","guid":{"rendered":"http:\/\/www.os-sticna.si\/?page_id=18674"},"modified":"2018-01-11T13:01:00","modified_gmt":"2018-01-11T12:01:00","slug":"projekt-sio-2020","status":"publish","type":"page","link":"https:\/\/www.os-sticna.si\/?page_id=18674","title":{"rendered":"Projekt SIO 2020"},"content":{"rendered":"<div class=\"page-restrict-output\"><p>&nbsp;<\/p>\n<p>V letu 2017&nbsp;je Arnes za\u010del z izvajanjem \u0161tiriletnega Programa nadaljnje vzpostavitve IKT infrastrukture v vzgoji in izobra\u017eevanju, ki&nbsp;smo&nbsp;ga kraj\u0161e poimenovali Slovensko izobra\u017eevalno omre\u017eje \u2013 2020 oz. <a href=\"https:\/\/www.arnes.si\/sio-2020\/\">SIO-2020<\/a>. V okviru Programa bodo vzgojno-izobra\u017eevalnim zavodom (VIZ) sofinancirali izgradnjo brez\u017ei\u010dnih omre\u017eij in nakup IKT opreme.&nbsp;<\/p>\n<p>Operacijo delno financira Evropska unija iz Evropskega sklada za regionalni razvoj ter Ministrstvo za izobra\u017eevanje, znanost in \u0161port. Operacija se izvaja v okviru Operativnega programa za izvajanje <a href=\"http:\/\/www.eu-skladi.si\">evropske kohezijske politike v obdobju 2014-2020.<\/a><\/p>\n<p>Cilj operacije je izbolj\u0161anje kompetenc in dose\u017ekov mladih ter ve\u010dja usposobljenost izobra\u017eevalcev prek ve\u010dje uporabe sodobne IKT pri pou\u010devanju in u\u010denju.<\/p>\n<p>Program se bo izvajal skozi tri medsebojno povezane dejavnosti:<\/p>\n<ul>\n<li>izgradnja brezi\u010dnih omre\u017eij,<\/li>\n<li>nakup nove opreme in<\/li>\n<li>razvoj e-storitev in e-vsebin.<\/li>\n<\/ul>\n<p>&nbsp;<\/p>\n<\/div>","protected":false},"excerpt":{"rendered":"<div class=\"page-restrict-output\"><p>&nbsp; V letu 2017&nbsp;je Arnes za\u010del z izvajanjem \u0161tiriletnega Programa nadaljnje vzpostavitve IKT infrastrukture v vzgoji in izobra\u017eevanju, ki&nbsp;smo&nbsp;ga kraj\u0161e poimenovali Slovensko izobra\u017eevalno omre\u017eje \u2013 2020 oz. SIO-2020. V okviru Programa bodo vzgojno-izobra\u017eevalnim zavodom (VIZ) sofinancirali izgradnjo brez\u017ei\u010dnih omre\u017eij in nakup IKT opreme.&nbsp; Operacijo delno financira Evropska unija iz Evropskega sklada za regionalni razvoj ter Ministrstvo za izobra\u017eevanje, znanost in [&#8230;]<\/p>\n<\/div>","protected":false},"author":4,"featured_media":18675,"parent":0,"menu_order":0,"comment_status":"closed","ping_status":"closed","template":"","meta":{"ngg_post_thumbnail":0,"_themeisle_gutenberg_block_has_review":false,"footnotes":""},"class_list":["post-18674","page","type-page","status-publish","has-post-thumbnail","hentry"],"featured_image_src":"https:\/\/www.os-sticna.si\/wp-content\/uploads\/2018\/01\/sio-glava-logo.jpg","featured_image_src_square":"https:\/\/www.os-sticna.si\/wp-content\/uploads\/2018\/01\/sio-glava-logo.jpg","_links":{"self":[{"href":"https:\/\/www.os-sticna.si\/index.php?rest_route=\/wp\/v2\/pages\/18674","targetHints":{"allow":["GET"]}}],"collection":[{"href":"https:\/\/www.os-sticna.si\/index.php?rest_route=\/wp\/v2\/pages"}],"about":[{"href":"https:\/\/www.os-sticna.si\/index.php?rest_route=\/wp\/v2\/types\/page"}],"author":[{"embeddable":true,"href":"https:\/\/www.os-sticna.si\/index.php?rest_route=\/wp\/v2\/users\/4"}],"replies":[{"embeddable":true,"href":"https:\/\/www.os-sticna.si\/index.php?rest_route=%2Fwp%2Fv2%2Fcomments&post=18674"}],"version-history":[{"count":1,"href":"https:\/\/www.os-sticna.si\/index.php?rest_route=\/wp\/v2\/pages\/18674\/revisions"}],"predecessor-version":[{"id":18677,"href":"https:\/\/www.os-sticna.si\/index.php?rest_route=\/wp\/v2\/pages\/18674\/revisions\/18677"}],"wp:featuredmedia":[{"embeddable":true,"href":"https:\/\/www.os-sticna.si\/index.php?rest_route=\/wp\/v2\/media\/18675"}],"wp:attachment":[{"href":"https:\/\/www.os-sticna.si\/index.php?rest_route=%2Fwp%2Fv2%2Fmedia&parent=18674"}],"curies":[{"name":"wp","href":"https:\/\/api.w.org\/{rel}","templated":true}]}}