{"id":16749,"date":"2017-04-03T12:53:17","date_gmt":"2017-04-03T11:53:17","guid":{"rendered":"http:\/\/www.os-sticna.si\/?page_id=16749"},"modified":"2021-01-02T09:00:57","modified_gmt":"2021-01-02T08:00:57","slug":"office-365","status":"publish","type":"page","link":"https:\/\/www.os-sticna.si\/?page_id=16749","title":{"rendered":"Windows in Office 365"},"content":{"rendered":"<div class=\"page-restrict-output\"><h4><img fetchpriority=\"high\" decoding=\"async\" class=\"aligncenter size-large wp-image-16754\" src=\"https:\/\/www.os-sticna.si\/wp-content\/uploads\/2017\/03\/office365-800x182.png\" alt=\"\" width=\"800\" height=\"182\" srcset=\"https:\/\/www.os-sticna.si\/wp-content\/uploads\/2017\/03\/office365-800x182.png 800w, https:\/\/www.os-sticna.si\/wp-content\/uploads\/2017\/03\/office365-320x73.png 320w, https:\/\/www.os-sticna.si\/wp-content\/uploads\/2017\/03\/office365-768x175.png 768w, https:\/\/www.os-sticna.si\/wp-content\/uploads\/2017\/03\/office365.png 880w\" sizes=\"(max-width: 800px) 100vw, 800px\" \/><\/h4>\n<h4><span style=\"color: #ff6600;\">Splo\u0161no<\/span><\/h4>\n<p>Osnovna \u0161ola Sti\u010dna vsem u\u010dencem od 4. razreda naprej omogo\u010da uporabo storitev Office 365.<\/p>\n<p>V \u010dasu trajanja izobra\u017eevanja je&nbsp;u\u010dencem brezpla\u010dno na voljo polna programska zbirka Office&nbsp;ProPlus, ki vklju\u010duje programe Word, Excel, PowerPoint, Outlook, OneNote, Publisher in Access.&nbsp;Na 5 ra\u010dunalnikih in 5 mobilnih napravah.<\/p>\n<p>U\u010denci v \u0161oli prejmejo liste s prijavnimi podatki (NetID in geslo) s katerimi se prijavijo v sistem Office 365.<\/p>\n<h4><span style=\"color: #ff6600;\">Arnes AAI<\/span><\/h4>\n<p><span style=\"color: #ff6600;\">ArnesAAI<span style=\"font-size: 15.2015px; color: #111111;\">&nbsp;<\/span><span style=\"font-size: 15.2015px; color: #111111;\">vam omogo\u010da uporabo enega uporabni\u0161kega imena za dostop do razli\u010dnih storitev. Ve\u010d o<\/span><span style=\"font-size: 15.2015px; color: #111111;\">&nbsp;<\/span><a style=\"font-size: 15.2015px;\" href=\"https:\/\/aai.arnes.si\/\">Arnes AAI<\/a><span style=\"font-size: 15.2015px; color: #111111;\">&nbsp;<\/span><span style=\"font-size: 15.2015px; color: #111111;\">in<\/span><span style=\"font-size: 15.2015px; color: #111111;\">&nbsp;<\/span><a style=\"font-size: 15.2015px;\" href=\"https:\/\/aai.arnes.si\/storitve\">storitvah<\/a><span style=\"font-size: 15.2015px; color: #111111;\">, ki jih omogo\u010da.<\/span><\/span><\/p>\n<h4><span style=\"color: #ff6600;\">Arnes Po\u0161ta <\/span><\/h4>\n<p>Preko storitve Arnes Po\u0161ta je u\u010dencem omogo\u010dena uporaba varne elektronske po\u0161te z naslovom pod domeno os-sticna.si (ime.priimek@os-sticna.si).<br \/>\nU\u010denci, ki \u017eelijo uporabljati storitev na kontaktirajo \u0161olskega ra\u010dunalni\u010darja.<\/p>\n<p>Arnes organizacijam, njihovim uporabnikom in upravi\u010denim posameznikom omogo\u010da uporabo elektronske po\u0161te s sistemom za zavra\u010danje oku\u017eenih in filtriranje\/ozna\u010devanje ne\u017eelenih sporo\u010dil, ki je bil razvit v sodelovanju z In\u0161titutom Jo\u017eef Stefan. Storitev zagotavljajo z uporabo lastnih po\u0161tnih stre\u017enikov, ki se fizi\u010dno nahajajo v Arnesovih prostorih v Sloveniji.<\/p>\n<p>Do elektronske po\u0161te lahko dostopajo prek <a href=\"http:\/\/webmail.arnes.si\/\" target=\"_blank\" rel=\"noopener noreferrer\">spletnega vmesnika<\/a> ali prek izbranega <a href=\"https:\/\/www.arnes.si\/pomoc-uporabnikom\/e-posta\/\" target=\"_blank\" rel=\"noopener noreferrer\">e-po\u0161tnega odjemalca<\/a>.<\/p>\n<p>Ve\u010d o nastavitvah odjemalcev elektronske po\u0161te in neza\u017eeleni elektronski po\u0161ti si lahko preberete na straneh za pomo\u010d uporabnikom.<\/p>\n<h4><span style=\"color: #ff6600;\">Oblak 365<\/span><\/h4>\n<p style=\"font-size: 15.2015px;\">Vse o povezavi storitve Arnes AAI in Office 365 se nahaja na spodnji povezavi.<\/p>\n<p style=\"font-size: 15.2015px;\"><a href=\"https:\/\/o365.arnes.si\/\">https:\/\/o365.arnes.si\/<\/a><\/p>\n<h4><span style=\"color: #ff6600;\">Office 365<\/span><\/h4>\n<p>Re\u0161itev Office 365 je komplet storitev in orodij, ki omogo\u010da brezpla\u010dno sodelovanje in komunikacijo med u\u010denci in u\u010ditelji na na\u0161i \u0161oli. Omogo\u010da varno mobilno delo preko razli\u010dnih odjemalcev in \u0161irokega nabora spletnih brskalnikov.<\/p>\n<h4><span style=\"color: #ff6600;\">Nadgradnja na Windows 10 Education<\/span><\/h4>\n<p>Vsem u\u010dencem je omogo\u010dena brezpla\u010dna nadgradnja operacijskega sistema.<\/p>\n<p>Vsak u\u010denec je upravi\u010den do 1 licence Windows 10 Education Upgrade za uporabo na svoji doma\u010di napravi.<br \/>\nZa u\u010dence Osnovne \u0161ole Sti\u010dna je spletna aplikacija\/spletna trgovina pripravljena na naslovu<\/p>\n<p><a href=\"https:\/\/os-sticna.onthehub.com\/\">https:\/\/os-sticna.onthehub.com\/<\/a><\/p>\n<p>Za vpis na portal je potrebna AAI prijava.&nbsp;<\/p>\n<p><span style=\"color: #ff0000;\"><strong>POZOR: Licenca Windows 10 Education Upgrade je nadgradna licenca, pogoj za namestitev je predhodno name\u0161\u010dena ena od verzij operacijskega sistema Windows.<\/strong><\/span><\/p>\n<p>Okvirni opis postopka pridobitve licence<\/p>\n<ul>\n<li>vstopimo na spletno stran:<a href=\"https:\/\/os-sticna.onthehub.com\/\">https:\/\/os-sticna.onthehub.com\/<\/a><\/li>\n<li>zgoraj desno s klikom na \u00bbSign In\u00ab se prijavimo z AAI ra\u010dunom<\/li>\n<li>izberemo Windows 10 EDU, ga dodamo v ko\u0161arico (Add to Cart),<\/li>\n<li>cena je \u00bbFREE\u00ab nato je potrebno klikniti na \u00bbCheck Out\u00ab<\/li>\n<li>na naslednjem koraku je potrebno vnesti username (to je AAI username, ki je pod okencem tudi \u017ee izpisano) in vpisati ime v drugo okence<br \/>\nna koraku, ki sledi, je potrebno vnesti podatke \u0161e enkrat ter e-po\u0161to<\/li>\n<li>ko opravimo &#8220;nakup&#8221;, prejmemo na e-po\u0161to potrdilo, v portalu se izpi\u0161e serijska \u0161tevilka za aktivacijo po namestitvi sistema, ki jo skrbno shranimo<\/li>\n<li>s klikom na gumb &#8220;Get started&#8221; smo preusmerjeni na spletno stran, na kateri si snamemo ustrezno razli\u010dico sistema Windows 10 Education Upgrade, ki jo potem lahko namestimo<\/li>\n<\/ul>\n<p>&nbsp;<\/p>\n<h4><span style=\"color: #ff6600;\">Dodatna navodila<\/span><\/h4>\n<p><a href=\"http:\/\/zaaidooffice365.splet.arnes.si\/\">Prijava v sistem Oblak 365 in namestitev zbirke Office 365<\/a><\/p>\n<h4><span style=\"color: #ff6600;\">Pojasnilo<\/span><\/h4>\n<p><strong>Prenehanje dostopa do storitve Office 365<\/strong><\/p>\n<p>Uporabniku upravi\u010denost do licenc pote\u010de s prenehanjem \u0161olanja na na\u0161i \u0161oli (konec 9. razreda, prestop na drugo \u0161olo, pred\u010dasno prenehanje \u0161olanja na na\u0161i \u0161oli). Takrat se uporabniku odvzamejo licence in uporabni\u0161ko ime, vsebine uporabnika pa se bri\u0161ejo.<\/p>\n<p>\u0160ola NE ODGOVARJA za morebitno izgubo podatkov ali dokumentov v oblaku med uporabo ali ob prenehanju uporabe servisa Office 365!<\/p>\n<p>&nbsp;<\/p>\n<\/div>","protected":false},"excerpt":{"rendered":"<div class=\"page-restrict-output\"><p>Splo\u0161no Osnovna \u0161ola Sti\u010dna vsem u\u010dencem od 4. razreda naprej omogo\u010da uporabo storitev Office 365. V \u010dasu trajanja izobra\u017eevanja je&nbsp;u\u010dencem brezpla\u010dno na voljo polna programska zbirka Office&nbsp;ProPlus, ki vklju\u010duje programe Word, Excel, PowerPoint, Outlook, OneNote, Publisher in Access.&nbsp;Na 5 ra\u010dunalnikih in 5 mobilnih napravah. U\u010denci v \u0161oli prejmejo liste s prijavnimi podatki (NetID in geslo) s katerimi se prijavijo v [&#8230;]<\/p>\n<\/div>","protected":false},"author":1,"featured_media":0,"parent":0,"menu_order":0,"comment_status":"closed","ping_status":"closed","template":"","meta":{"ngg_post_thumbnail":0,"_themeisle_gutenberg_block_has_review":false,"footnotes":""},"class_list":["post-16749","page","type-page","status-publish","hentry"],"featured_image_src":null,"featured_image_src_square":null,"_links":{"self":[{"href":"https:\/\/www.os-sticna.si\/index.php?rest_route=\/wp\/v2\/pages\/16749","targetHints":{"allow":["GET"]}}],"collection":[{"href":"https:\/\/www.os-sticna.si\/index.php?rest_route=\/wp\/v2\/pages"}],"about":[{"href":"https:\/\/www.os-sticna.si\/index.php?rest_route=\/wp\/v2\/types\/page"}],"author":[{"embeddable":true,"href":"https:\/\/www.os-sticna.si\/index.php?rest_route=\/wp\/v2\/users\/1"}],"replies":[{"embeddable":true,"href":"https:\/\/www.os-sticna.si\/index.php?rest_route=%2Fwp%2Fv2%2Fcomments&post=16749"}],"version-history":[{"count":5,"href":"https:\/\/www.os-sticna.si\/index.php?rest_route=\/wp\/v2\/pages\/16749\/revisions"}],"predecessor-version":[{"id":24507,"href":"https:\/\/www.os-sticna.si\/index.php?rest_route=\/wp\/v2\/pages\/16749\/revisions\/24507"}],"wp:attachment":[{"href":"https:\/\/www.os-sticna.si\/index.php?rest_route=%2Fwp%2Fv2%2Fmedia&parent=16749"}],"curies":[{"name":"wp","href":"https:\/\/api.w.org\/{rel}","templated":true}]}}