{"id":13335,"date":"2016-01-07T12:37:27","date_gmt":"2016-01-07T11:37:27","guid":{"rendered":"http:\/\/www.os-sticna.si\/?page_id=13335"},"modified":"2016-04-07T13:42:39","modified_gmt":"2016-04-07T12:42:39","slug":"soncna-elektrarna","status":"publish","type":"page","link":"https:\/\/www.os-sticna.si\/?page_id=13335","title":{"rendered":"Son\u010dna elektrarna"},"content":{"rendered":"<div class=\"page-restrict-output\"><h5>Podatki o elektrarni<\/h5>\n<p><a href=\"https:\/\/www.os-sticna.si\/wp-content\/uploads\/2016\/01\/panorama-os-sticna.jpg\" rel=\"LIGHTBOX\"><img decoding=\"async\" class=\"alignleft wp-image-13343 size-thumbnail\" src=\"https:\/\/www.os-sticna.si\/wp-content\/uploads\/2016\/01\/panorama-os-sticna-160x120.jpg\" alt=\"panorama-os-sticna\" width=\"160\" height=\"120\" \/><\/a>Son\u010dni elektrarni sestavlja 997 polikristalnih modulov\u00a0Evergreen Solar ES-A-210-fa2 in 969 Renesola JC235M \u2013 24\/Bb in bosta predvidoma letno proizvedli 463,3 MWh elektri\u010dne energije.<\/p>\n<p>Proizvedena energija je pribli\u017eno enakovredna energetski potrebi 130 povpre\u010dnih slovenskih gospodinjstev oziroma pribli\u017eno 3 x presega porabo elektri\u010dne energijo Osnovne \u0161ole Sti\u010dna.<\/p>\n<p>Ekolo\u0161ka vrednost elektrarne se ka\u017ee v predvidenem letnem prihranku ve\u010d kot 210 ton emisij ogljikovega dioksida, ki bi nastal pri proizvodnji enake koli\u010dine elektri\u010dne energije z uporabo fosilnih goriv.<\/p>\n<p>Kot primerjavo navajamo podatke za Toplarno Ljubljana, ki ob mo\u010di 124 MW letno proizvede 550 GWh elektri\u010dne energije, kar je 3% slovenskih potreb elektri\u010dne energije ob tem pa v okolje spusti pribli\u017eno 270 000 ton C0<sub>2<\/sub>.<\/p>\n<p>Opomba: 1000 kW = 1 MW in 1000 MW = 1GW<\/p>\n<p><a href=\"https:\/\/www.os-sticna.si\/?page_id=13349\">Zapis o oglji\u010dni nevtralnosti,<\/a> avtor dr. Simon Muhi\u010d<\/p>\n<p>&nbsp;<\/p>\n<h5>Podatki o proizvodnji<\/h5>\n<p>&nbsp;<\/p>\n<p><iframe src=\"http:\/\/www.sunnyportal.com\/Templates\/PublicPage.aspx?page=5b3b5c8b-816c-4155-8051-c716ded5e844\" name=\"proizvodnja1\" width=\"800\" height=\"360\"><\/iframe><br \/>\n<iframe src=\"http:\/\/www.sunnyportal.com\/Templates\/PublicPage.aspx?page=9498e3df-9afe-48bb-a93a-1c54516fbff2\" name=\"proizvodnja2\" width=\"800\" height=\"360\"><\/iframe><br \/>\n<iframe src=\"http:\/\/www.sunnyportal.com\/Templates\/PublicPage.aspx?page=ce538c5d-1934-4c76-85e7-bd843018be04\" name=\"proizvodnja3\" width=\"800\" height=\"200\"><\/iframe><\/p>\n<\/div>","protected":false},"excerpt":{"rendered":"<div class=\"page-restrict-output\"><p>Podatki o elektrarni Son\u010dni elektrarni sestavlja 997 polikristalnih modulov\u00a0Evergreen Solar ES-A-210-fa2 in 969 Renesola JC235M \u2013 24\/Bb in bosta predvidoma letno proizvedli 463,3 MWh elektri\u010dne energije. Proizvedena energija je pribli\u017eno enakovredna energetski potrebi 130 povpre\u010dnih slovenskih gospodinjstev oziroma pribli\u017eno 3 x presega porabo elektri\u010dne energijo Osnovne \u0161ole Sti\u010dna. Ekolo\u0161ka vrednost elektrarne se ka\u017ee v predvidenem letnem prihranku ve\u010d kot 210 [&#8230;]<\/p>\n<\/div>","protected":false},"author":1,"featured_media":13337,"parent":0,"menu_order":0,"comment_status":"closed","ping_status":"closed","template":"","meta":{"ngg_post_thumbnail":0,"_themeisle_gutenberg_block_has_review":false,"footnotes":""},"class_list":["post-13335","page","type-page","status-publish","has-post-thumbnail","hentry"],"featured_image_src":"https:\/\/www.os-sticna.si\/wp-content\/uploads\/2016\/01\/eletrarna-feautured.jpg","featured_image_src_square":"https:\/\/www.os-sticna.si\/wp-content\/uploads\/2016\/01\/eletrarna-feautured.jpg","_links":{"self":[{"href":"https:\/\/www.os-sticna.si\/index.php?rest_route=\/wp\/v2\/pages\/13335","targetHints":{"allow":["GET"]}}],"collection":[{"href":"https:\/\/www.os-sticna.si\/index.php?rest_route=\/wp\/v2\/pages"}],"about":[{"href":"https:\/\/www.os-sticna.si\/index.php?rest_route=\/wp\/v2\/types\/page"}],"author":[{"embeddable":true,"href":"https:\/\/www.os-sticna.si\/index.php?rest_route=\/wp\/v2\/users\/1"}],"replies":[{"embeddable":true,"href":"https:\/\/www.os-sticna.si\/index.php?rest_route=%2Fwp%2Fv2%2Fcomments&post=13335"}],"version-history":[{"count":5,"href":"https:\/\/www.os-sticna.si\/index.php?rest_route=\/wp\/v2\/pages\/13335\/revisions"}],"predecessor-version":[{"id":14198,"href":"https:\/\/www.os-sticna.si\/index.php?rest_route=\/wp\/v2\/pages\/13335\/revisions\/14198"}],"wp:featuredmedia":[{"embeddable":true,"href":"https:\/\/www.os-sticna.si\/index.php?rest_route=\/wp\/v2\/media\/13337"}],"wp:attachment":[{"href":"https:\/\/www.os-sticna.si\/index.php?rest_route=%2Fwp%2Fv2%2Fmedia&parent=13335"}],"curies":[{"name":"wp","href":"https:\/\/api.w.org\/{rel}","templated":true}]}}