{"id":13326,"date":"2016-01-07T10:42:04","date_gmt":"2016-01-07T09:42:04","guid":{"rendered":"http:\/\/www.os-sticna.si\/?page_id=13326"},"modified":"2018-05-05T08:21:16","modified_gmt":"2018-05-05T07:21:16","slug":"kulturni-natecaji","status":"publish","type":"page","link":"https:\/\/www.os-sticna.si\/?page_id=13326","title":{"rendered":"Kulturni nate\u010daji"},"content":{"rendered":"<div class=\"page-restrict-output\"><div class=\"su-divider su-divider-style-default\" style=\"margin:15px 0;border-width:3px;border-color:#000066\"><a href=\"#\" style=\"color:#999999\">\u0160olsko leto 2017\/2018<\/a><\/div>\n<ul>\n<li>JSKD, Obmo\u010dna izpostava Celje, revija Mentor in O\u0160 Frana Ro\u0161a Celje so razpisali nate\u010daj 31. Ro\u0161evi dnevi 2018, literarno sre\u010danje najbolj\u0161ih mladih ustvarjalcev za 8. in 9. razrede osnovne \u0161ole.\n<ul>\n<li>Med najbolj\u0161ih 20 spisov, ki bodo objavljeni v zborniku, se je uvrstila tudi Patricija Germ, 9. r. P\u0160 Vi\u0161nja Gora, s svojim spisom <em>Vsak \u010dlovek je unikat<\/em>.<\/li>\n<\/ul>\n<\/li>\n<\/ul>\n<div class=\"su-divider su-divider-style-default\" style=\"margin:15px 0;border-width:3px;border-color:#000066\"><a href=\"#\" style=\"color:#999999\">\u0160olsko leto 2015\/2016<\/a><\/div>\n<ul>\n<li>Slovenska znanstvena fundacija, In\u0161titut Jo\u017eef Stefan in \u010dasopisna hi\u0161a Delo so objavili nagradni nate\u010daj znanstveno fantasti\u010dnih spisov z naslovom&nbsp;<em>Sre\u010dal\/a sem Jo\u017eefa Stefana.&nbsp;<\/em>\n<ul>\n<li>Prvo nagrado je prejela u\u010denka Ur\u0161ka Glavan, 9. b.<\/li>\n<\/ul>\n<\/li>\n<\/ul>\n<ul>\n<li>Zveza prijateljev mladine Slovenije, Komisija za delo zgodovinskih kro\u017ekov je za \u0161ol. l. 2015\/16 razpisala temo raziskovalnih nalog \u00bbDru\u017ebeni status \u2013 zgodbe o uspehih in porazih\u00ab.<br \/>\nZgodovinski kro\u017eek O\u0160 Sti\u010dna (mati\u010dna \u0161ola) je za nalogo prejel zlato priznanje.<br \/>\nRaziskovali so rodbino Fedran oz. Foedransperg s Hudega.<br \/>\nNalogo so predstavili:<\/p>\n<ul>\n<li>Manca Kepa iz 8. a,<\/li>\n<li>Stanislav \u0160ivec iz 6. a in<\/li>\n<li>Enej Humar iz 6. a.<\/li>\n<\/ul>\n<\/li>\n<\/ul>\n<ul>\n<li>Javni sklad RS za kulturne dejvnosti je organiziral regijsko gledali\u0161ko sre\u010danje &#8220;Mladi oder&#8221;, kjer so u\u010denke in u\u010denci 5. razredov z mati\u010dne \u0161ole v \u0161olskem letu 2015\/2016 z gledali\u0161ko igro <strong>Svinjski pastir<\/strong> prejeli srebrno prizanje. Sodelujo\u010di u\u010denci:\n<ul>\n<li>Lea Berneti\u010d Rijavec 5.a<\/li>\n<li>Naja Mrvar, 5.a<\/li>\n<li>Teja Zaletelj, 5.a<\/li>\n<li>Alex Leki\u0107, 5.a<\/li>\n<li>Ur\u0161ula \u010cernel\u010d, 5.a<\/li>\n<li>Sara Jontes, 5.a<\/li>\n<li>Ro\u0161 Omahen, 5.b<\/li>\n<li>Ula Regali, 5.b<\/li>\n<li>Jana Tratar, 5.b<\/li>\n<li>Brina Ravbar, 5.b<\/li>\n<li>Aj\u0161a Hod\u017ei\u0107, 5.b<\/li>\n<\/ul>\n<\/li>\n<\/ul>\n<\/div>","protected":false},"excerpt":{"rendered":"<div class=\"page-restrict-output\"><p>JSKD, Obmo\u010dna izpostava Celje, revija Mentor in O\u0160 Frana Ro\u0161a Celje so razpisali nate\u010daj 31. Ro\u0161evi dnevi 2018, literarno sre\u010danje najbolj\u0161ih mladih ustvarjalcev za 8. in 9. razrede osnovne \u0161ole. Med najbolj\u0161ih 20 spisov, ki bodo objavljeni v zborniku, se je uvrstila tudi Patricija Germ, 9. r. P\u0160 Vi\u0161nja Gora, s svojim spisom Vsak \u010dlovek je unikat. Slovenska znanstvena fundacija, [&#8230;]<\/p>\n<\/div>","protected":false},"author":1,"featured_media":0,"parent":13272,"menu_order":0,"comment_status":"closed","ping_status":"closed","template":"","meta":{"ngg_post_thumbnail":0,"_themeisle_gutenberg_block_has_review":false,"footnotes":""},"class_list":["post-13326","page","type-page","status-publish","hentry"],"featured_image_src":null,"featured_image_src_square":null,"_links":{"self":[{"href":"https:\/\/www.os-sticna.si\/index.php?rest_route=\/wp\/v2\/pages\/13326","targetHints":{"allow":["GET"]}}],"collection":[{"href":"https:\/\/www.os-sticna.si\/index.php?rest_route=\/wp\/v2\/pages"}],"about":[{"href":"https:\/\/www.os-sticna.si\/index.php?rest_route=\/wp\/v2\/types\/page"}],"author":[{"embeddable":true,"href":"https:\/\/www.os-sticna.si\/index.php?rest_route=\/wp\/v2\/users\/1"}],"replies":[{"embeddable":true,"href":"https:\/\/www.os-sticna.si\/index.php?rest_route=%2Fwp%2Fv2%2Fcomments&post=13326"}],"version-history":[{"count":5,"href":"https:\/\/www.os-sticna.si\/index.php?rest_route=\/wp\/v2\/pages\/13326\/revisions"}],"predecessor-version":[{"id":19616,"href":"https:\/\/www.os-sticna.si\/index.php?rest_route=\/wp\/v2\/pages\/13326\/revisions\/19616"}],"up":[{"embeddable":true,"href":"https:\/\/www.os-sticna.si\/index.php?rest_route=\/wp\/v2\/pages\/13272"}],"wp:attachment":[{"href":"https:\/\/www.os-sticna.si\/index.php?rest_route=%2Fwp%2Fv2%2Fmedia&parent=13326"}],"curies":[{"name":"wp","href":"https:\/\/api.w.org\/{rel}","templated":true}]}}