{"id":110,"date":"2008-11-12T09:55:57","date_gmt":"2008-11-12T08:55:57","guid":{"rendered":"http:\/\/193.2.241.104\/?page_id=110"},"modified":"2026-05-06T06:47:43","modified_gmt":"2026-05-06T05:47:43","slug":"napovednik","status":"publish","type":"page","link":"https:\/\/www.os-sticna.si\/?page_id=110","title":{"rendered":"Napovednik"},"content":{"rendered":"<div class=\"page-restrict-output\"><h3 style=\"text-align: left;\"><strong>Napovednik<\/strong> za obdobje od 4. 5. 2026 do 9. 5. 2026<\/h3>\n<p>(Napovednik se lahko tekom tedna spremeni ali dopolni.)<\/p>\n<p>&nbsp;<\/p>\n<p><strong>Ponedeljek, 4. 5. 2026<\/strong><\/p>\n<ul>\n<li>Mati\u010dna \u0161ola: \u0160OLA V NARAVI, C\u0160OD Gorenje, tri dni, 8. b, 8. c in 8. d.<\/li>\n<\/ul>\n<p>&nbsp;<\/p>\n<p><strong>Torek, 5. 5. 2026<\/strong><\/p>\n<ul>\n<li>Mati\u010dna \u0161ola: SPOMLADANSKI POHOD, \u0161portni dan, 1. a in 1. b.<\/li>\n<li>Mati\u010dna \u0161ola: EKSKURZIJA NA AVSTRIJSKO KORO\u0160KO, kulturni dan, 9. a in 9. d.<\/li>\n<li>Mati\u010dna \u0161ola: \u0160OLSKI PLESNI FESTIVAL, prva in druga triada, \u0161portna dvorana O\u0160 Sti\u010dna.<\/li>\n<\/ul>\n<p>&nbsp;<\/p>\n<p><strong>Sreda, 6. 5. 2026<\/strong><\/p>\n<ul>\n<li>Mati\u010dna \u0161ola in P\u0160 Vi\u0161nja Gora: \u0160OLA V NARAVI, C\u0160OD Gorenje, tri dni, 8. a, 8. aV in 8. bV.<\/li>\n<\/ul>\n<p>&nbsp;<\/p>\n<p><strong>\u010cetrtek, 7. 5. 2026<\/strong><\/p>\n<ul>\n<li>Mati\u010dna \u0161ola in P\u0160 Vi\u0161nja Gora: ZAKLJU\u010cEK BRALNE ZNA\u010cKE, za u\u010dence 6., 7. in 8. razreda, v sodelovanju s knji\u017enico Ivan\u010dna Gorica, atrij pred srednjo \u0161olo, gost Igor Karlov\u0161ek, ob 10. uri.<\/li>\n<li>P\u0160 Sti\u010dna: SPOMLADANSKI POHOD, \u0161portni dan, 1. S, 2. S in 3. S.<\/li>\n<li>Mati\u010dna \u0161ola: TEKMOVANJE IZ MATEMATIKE, KENGURU, dr\u017eavno, O\u0160 Sostro.<\/li>\n<\/ul>\n<p>&nbsp;<\/p>\n<p><strong>Petek, 8. 5. 2026<\/strong><\/p>\n<ul>\n<li>Ni dogodkov.<\/li>\n<\/ul>\n<p>&nbsp;<\/p>\n<p><strong>Sobota, 9. 5. 2026<\/strong><\/p>\n<ul>\n<li>Mati\u010dna \u0161ola in P\u0160 Vi\u0161nja Gora: TEKMOVANJE MLADIH \u010cEBELARJEV, u\u010denci \u010debelarskega kro\u017eka, O\u0160 Loka \u010crnomelj.<\/li>\n<\/ul>\n<p>&nbsp;<\/p>\n<p style=\"text-align: center;\">\ud83d\ude42 <strong>&#8230; DO POLETNIH PO\u010cITNIC \u0160E NEKAJ TESTOV IN USTNIH OCENJEVANJ &#8230;<\/strong> \ud83d\ude42<\/p>\n<\/div>","protected":false},"excerpt":{"rendered":"<div class=\"page-restrict-output\"><p>Napovednik za obdobje od 4. 5. 2026 do 9. 5. 2026 (Napovednik se lahko tekom tedna spremeni ali dopolni.) &nbsp; Ponedeljek, 4. 5. 2026 Mati\u010dna \u0161ola: \u0160OLA V NARAVI, C\u0160OD Gorenje, tri dni, 8. b, 8. c in 8. d. &nbsp; Torek, 5. 5. 2026 Mati\u010dna \u0161ola: SPOMLADANSKI POHOD, \u0161portni dan, 1. a in 1. b. Mati\u010dna \u0161ola: EKSKURZIJA NA [&#8230;]<\/p>\n<\/div>","protected":false},"author":25,"featured_media":0,"parent":0,"menu_order":1,"comment_status":"closed","ping_status":"closed","template":"","meta":{"ngg_post_thumbnail":0,"_themeisle_gutenberg_block_has_review":false,"footnotes":""},"class_list":["post-110","page","type-page","status-publish","hentry"],"featured_image_src":null,"featured_image_src_square":null,"_links":{"self":[{"href":"https:\/\/www.os-sticna.si\/index.php?rest_route=\/wp\/v2\/pages\/110","targetHints":{"allow":["GET"]}}],"collection":[{"href":"https:\/\/www.os-sticna.si\/index.php?rest_route=\/wp\/v2\/pages"}],"about":[{"href":"https:\/\/www.os-sticna.si\/index.php?rest_route=\/wp\/v2\/types\/page"}],"author":[{"embeddable":true,"href":"https:\/\/www.os-sticna.si\/index.php?rest_route=\/wp\/v2\/users\/25"}],"replies":[{"embeddable":true,"href":"https:\/\/www.os-sticna.si\/index.php?rest_route=%2Fwp%2Fv2%2Fcomments&post=110"}],"version-history":[{"count":5,"href":"https:\/\/www.os-sticna.si\/index.php?rest_route=\/wp\/v2\/pages\/110\/revisions"}],"predecessor-version":[{"id":34304,"href":"https:\/\/www.os-sticna.si\/index.php?rest_route=\/wp\/v2\/pages\/110\/revisions\/34304"}],"wp:attachment":[{"href":"https:\/\/www.os-sticna.si\/index.php?rest_route=%2Fwp%2Fv2%2Fmedia&parent=110"}],"curies":[{"name":"wp","href":"https:\/\/api.w.org\/{rel}","templated":true}]}}