{"id":11,"date":"2008-10-30T21:41:31","date_gmt":"2008-10-30T20:41:31","guid":{"rendered":"http:\/\/193.2.241.104\/?page_id=11"},"modified":"2016-01-26T13:36:41","modified_gmt":"2016-01-26T12:36:41","slug":"podruznice","status":"publish","type":"page","link":"https:\/\/www.os-sticna.si\/?page_id=11","title":{"rendered":"Podru\u017enice"},"content":{"rendered":"<div class=\"page-restrict-output\"><h4>Mati\u010dna \u0161ola<\/h4>\n<p>Notranje povr\u0161ine: 4019 m<sup>2<\/sup>.<\/p>\n<h5>Prostori za pouk:<\/h5>\n<ul>\n<li>17 mati\u010dnih u\u010dilnic<\/li>\n<li>2 manj\u0161i u\u010dilnici<\/li>\n<li>8 specialnih predmetnih u\u010dilnic (naravoslovje, gospodinjstvo, fizika, kemija, tehnika in tehnologija, likovna vzgoja, glasbena vzgoja, racunalni\u0161tvo, knji\u017enica)<\/li>\n<\/ul>\n<h5>Ostali prostori:<\/h5>\n<ul>\n<li>jedilnica<\/li>\n<li>upravni prostori<\/li>\n<li>gospodarski prostori (\u0161olska kuhinja, shrambe, prostori za energetske naprave, arhiv)<\/li>\n<li>garderobe<\/li>\n<li>sanitarije<\/li>\n<li>\u0161portna dvorana<\/li>\n<li>plesna dvorana s\u00a0plezalno steno<\/li>\n<\/ul>\n<h4>Mejniki v razvoju \u0161olstva<\/h4>\n<ul>\n<li>17. stoletje Pou\u010devanje otrok ob nedeljah v samostanu.<\/li>\n<li>1811 \u201c\u0160ola za silo\u201d v samostanu.<\/li>\n<li>1817 Javna enorazrednica.<\/li>\n<li>1897 Dvorazredna ljudska \u0161ola.<\/li>\n<li>04.10.1904 Odprtje novozgrajene \u0161ole na hrib\u010dku v Sti\u010dni.<\/li>\n<li>1920 \u0160tirirazrednica.<\/li>\n<li>1926 Petrazrednica.<\/li>\n<li>1941-1945 Ve\u010dkrat prekinjeno \u0161olsko delo.<\/li>\n<li>06. 09. 1945 Ustanovljena dr\u017eavna ni\u017eja gimnazija v Sti\u010dni, v prostorih na Marofu. 1946\/1947 Gimnazija je pri\u010dela s poukom v\u00a0samostanu v Sti\u010dni.<\/li>\n<li>Z novo \u0161olsko reformo so bile z 31. avgustom 1958 odpravljene splo\u0161no izobra\u017eevalne \u0161ole in ustanovljene osnovne \u0161ole &#8220;novega &#8220;tipa&#8221;. Ni\u017eji razredi gimnazije so postali vi\u0161ji razredi osnovne \u0161ole.<\/li>\n<li>1963 Dolo\u010ditev centralnih in samostojnih \u0161ol.Centralni \u0161oli sta: Ambrus s podru\u017enicama Korinj in Zagradec ter Sti\u010dna s podru\u017enicama Krka in Muljava. \u0160ola v Vi\u0161nji Gori je postala samostojna osnovna \u0161ola.<\/li>\n<li>1965 Reorganizacija mre\u017ee osnovnega \u0161olstva in dolo\u010ditev popolnih in podru\u017eni\u010dnih \u0161ol. Osnovna \u0161ola Sti\u010dna postane popolna osnovna \u0161ola s podru\u017eni\u010dnimi osnovnimi \u0161olami Ambrus, Korinj, Zagradec, Krka, Muljava in Vi\u0161nja Gora.<\/li>\n<li>15. 09. 1979 Polo\u017een temeljni kamen za nov\u00a0\u0161olski center.<\/li>\n<li>01. 09. 1981 Pri\u010detek pouka v novi \u0161oli, v\u00a0\u0161olskem centru.<\/li>\n<li>06. 05. 1992 Osnovna \u0161ola Sti\u010dna spet\u00a0postane samostojen javni vzgojnoizobra\u017eevalni zavod.<\/li>\n<li>23. 07. 1998 Ob\u010dina Ivan\u010dna Gorica postane\u00a0ustanoviteljica javnega vzgojno-izobra\u017eevalnega zavoda Osnovna \u0161ola Sti\u010dna, v \u010digar sestavo sodijo:<br \/>\nmati\u010dna \u0161ola v Ivan\u010dni Gorici in podru\u017eni\u010dne \u0161ole v Vi\u0161nji Gori, v<br \/>\nAmbrusu, v Zagradcu, na Krki, na Muljavi in v Sti\u010dni.<\/li>\n<li>01. 09. 2003 Pri\u010detek pouka v novozgrajeni \u0161oli.<\/li>\n<\/ul>\n<p>&nbsp;<\/p>\n<\/div>","protected":false},"excerpt":{"rendered":"<div class=\"page-restrict-output\"><p>Mati\u010dna \u0161ola Notranje povr\u0161ine: 4019 m2. Prostori za pouk: 17 mati\u010dnih u\u010dilnic 2 manj\u0161i u\u010dilnici 8 specialnih predmetnih u\u010dilnic (naravoslovje, gospodinjstvo, fizika, kemija, tehnika in tehnologija, likovna vzgoja, glasbena vzgoja, racunalni\u0161tvo, knji\u017enica) Ostali prostori: jedilnica upravni prostori gospodarski prostori (\u0161olska kuhinja, shrambe, prostori za energetske naprave, arhiv) garderobe sanitarije \u0161portna dvorana plesna dvorana s\u00a0plezalno steno Mejniki v razvoju \u0161olstva 17. [&#8230;]<\/p>\n<\/div>","protected":false},"author":1,"featured_media":13465,"parent":0,"menu_order":4,"comment_status":"closed","ping_status":"closed","template":"","meta":{"ngg_post_thumbnail":0,"_themeisle_gutenberg_block_has_review":false,"footnotes":""},"class_list":["post-11","page","type-page","status-publish","has-post-thumbnail","hentry"],"featured_image_src":"https:\/\/www.os-sticna.si\/wp-content\/uploads\/2008\/10\/ms.jpg","featured_image_src_square":"https:\/\/www.os-sticna.si\/wp-content\/uploads\/2008\/10\/ms.jpg","_links":{"self":[{"href":"https:\/\/www.os-sticna.si\/index.php?rest_route=\/wp\/v2\/pages\/11","targetHints":{"allow":["GET"]}}],"collection":[{"href":"https:\/\/www.os-sticna.si\/index.php?rest_route=\/wp\/v2\/pages"}],"about":[{"href":"https:\/\/www.os-sticna.si\/index.php?rest_route=\/wp\/v2\/types\/page"}],"author":[{"embeddable":true,"href":"https:\/\/www.os-sticna.si\/index.php?rest_route=\/wp\/v2\/users\/1"}],"replies":[{"embeddable":true,"href":"https:\/\/www.os-sticna.si\/index.php?rest_route=%2Fwp%2Fv2%2Fcomments&post=11"}],"version-history":[{"count":5,"href":"https:\/\/www.os-sticna.si\/index.php?rest_route=\/wp\/v2\/pages\/11\/revisions"}],"predecessor-version":[{"id":13470,"href":"https:\/\/www.os-sticna.si\/index.php?rest_route=\/wp\/v2\/pages\/11\/revisions\/13470"}],"wp:featuredmedia":[{"embeddable":true,"href":"https:\/\/www.os-sticna.si\/index.php?rest_route=\/wp\/v2\/media\/13465"}],"wp:attachment":[{"href":"https:\/\/www.os-sticna.si\/index.php?rest_route=%2Fwp%2Fv2%2Fmedia&parent=11"}],"curies":[{"name":"wp","href":"https:\/\/api.w.org\/{rel}","templated":true}]}}